 


{"id":119,"date":"2020-06-07T15:34:07","date_gmt":"2020-06-07T15:34:07","guid":{"rendered":"http:\/\/192.168.71.150:8083\/?page_id=119"},"modified":"2021-05-27T23:22:42","modified_gmt":"2021-05-27T23:22:42","slug":"straight-forward-lab-impresiones-3d","status":"publish","type":"page","link":"https:\/\/str8forwardlab.com\/es\/","title":{"rendered":"Straight Forward Lab  Impresiones 3D"},"content":{"rendered":"<p><a href=\"https:\/\/str8forwardlab.com\/es\">Straight Forward Lab<\/a> utiliza tecnolog\u00edas de<a href=\"https:\/\/es.wikipedia.org\/wiki\/Impresi%C3%B3n_3D\" target=\"_blank\" rel=\"noopener\"> impresi\u00f3n 3D<\/a>, tambi\u00e9n conocidas como fabricaci\u00f3n aditiva, para satisfacer las m\u00e1s exigentes demandas en soluciones personalizadas en ortodoncia.<\/p>\n","protected":false},"excerpt":{"rendered":"<p>Straight Forward Lab utiliza tecnolog\u00edas de impresi\u00f3n 3D, tambi\u00e9n conocidas como fabricaci\u00f3n aditiva, para satisfacer las m\u00e1s exigentes demandas en soluciones personalizadas en ortodoncia.<\/p>\n","protected":false},"author":1,"featured_media":242,"parent":0,"menu_order":0,"comment_status":"closed","ping_status":"closed","template":"","meta":{"footnotes":""},"class_list":["post-119","page","type-page","status-publish","has-post-thumbnail","hentry"],"yoast_head":"<!-- This site is optimized with the Yoast SEO plugin v27.3 - https:\/\/yoast.com\/product\/yoast-seo-wordpress\/ -->\n<title>Straight Forward Lab 3D impresiones para dentistas digitales en OKC<\/title>\n<meta name=\"description\" content=\"Straight Forward Lab 3D impresiones, nos especializamos en la impresi\u00f3n de productos de ortodoncia para dentistas y digitales en OKLAHOMA CITY\" \/>\n<meta name=\"robots\" content=\"index, follow, max-snippet:-1, max-image-preview:large, max-video-preview:-1\" \/>\n<link rel=\"canonical\" href=\"https:\/\/str8forwardlab.com\/es\/\" \/>\n<meta property=\"og:locale\" content=\"es_ES\" \/>\n<meta property=\"og:type\" content=\"article\" \/>\n<meta property=\"og:title\" content=\"Straight Forward Lab 3D impresiones para dentistas digitales en OKC\" \/>\n<meta property=\"og:description\" content=\"Straight Forward Lab 3D impresiones, nos especializamos en la impresi\u00f3n de productos de ortodoncia para dentistas y digitales en OKLAHOMA CITY\" \/>\n<meta property=\"og:url\" content=\"https:\/\/str8forwardlab.com\/es\/\" \/>\n<meta property=\"og:site_name\" content=\"Straight Forward Lab - Impresi\u00f3n 3D para ortodoncistas\" \/>\n<meta property=\"article:modified_time\" content=\"2021-05-27T23:22:42+00:00\" \/>\n<meta property=\"og:image\" content=\"https:\/\/str8forwardlab.com\/es\/wp-content\/uploads\/2020\/06\/Formlabs-Form-3B-printer-in-lab.jpg\" \/>\n\t<meta property=\"og:image:width\" content=\"799\" \/>\n\t<meta property=\"og:image:height\" content=\"600\" \/>\n\t<meta property=\"og:image:type\" content=\"image\/jpeg\" \/>\n<meta name=\"twitter:card\" content=\"summary_large_image\" \/>\n<meta name=\"twitter:label1\" content=\"Tiempo de lectura\" \/>\n\t<meta name=\"twitter:data1\" content=\"1 minuto\" \/>\n<script type=\"application\/ld+json\" class=\"yoast-schema-graph\">{\"@context\":\"https:\\\/\\\/schema.org\",\"@graph\":[{\"@type\":\"WebPage\",\"@id\":\"https:\\\/\\\/str8forwardlab.com\\\/es\\\/\",\"url\":\"https:\\\/\\\/str8forwardlab.com\\\/es\\\/\",\"name\":\"Straight Forward Lab 3D impresiones para dentistas digitales en OKC\",\"isPartOf\":{\"@id\":\"https:\\\/\\\/str8forwardlab.com\\\/es\\\/#website\"},\"primaryImageOfPage\":{\"@id\":\"https:\\\/\\\/str8forwardlab.com\\\/es\\\/#primaryimage\"},\"image\":{\"@id\":\"https:\\\/\\\/str8forwardlab.com\\\/es\\\/#primaryimage\"},\"thumbnailUrl\":\"https:\\\/\\\/str8forwardlab.com\\\/es\\\/wp-content\\\/uploads\\\/2020\\\/06\\\/Formlabs-Form-3B-printer-in-lab.jpg\",\"datePublished\":\"2020-06-07T15:34:07+00:00\",\"dateModified\":\"2021-05-27T23:22:42+00:00\",\"description\":\"Straight Forward Lab 3D impresiones, nos especializamos en la impresi\u00f3n de productos de ortodoncia para dentistas y digitales en OKLAHOMA CITY\",\"breadcrumb\":{\"@id\":\"https:\\\/\\\/str8forwardlab.com\\\/es\\\/#breadcrumb\"},\"inLanguage\":\"es\",\"potentialAction\":[{\"@type\":\"ReadAction\",\"target\":[\"https:\\\/\\\/str8forwardlab.com\\\/es\\\/\"]}]},{\"@type\":\"ImageObject\",\"inLanguage\":\"es\",\"@id\":\"https:\\\/\\\/str8forwardlab.com\\\/es\\\/#primaryimage\",\"url\":\"https:\\\/\\\/str8forwardlab.com\\\/es\\\/wp-content\\\/uploads\\\/2020\\\/06\\\/Formlabs-Form-3B-printer-in-lab.jpg\",\"contentUrl\":\"https:\\\/\\\/str8forwardlab.com\\\/es\\\/wp-content\\\/uploads\\\/2020\\\/06\\\/Formlabs-Form-3B-printer-in-lab.jpg\",\"width\":799,\"height\":600,\"caption\":\"Straight Forward Lab 3D\"},{\"@type\":\"BreadcrumbList\",\"@id\":\"https:\\\/\\\/str8forwardlab.com\\\/es\\\/#breadcrumb\",\"itemListElement\":[{\"@type\":\"ListItem\",\"position\":1,\"name\":\"Home\",\"item\":\"https:\\\/\\\/str8forwardlab.com\\\/es\\\/\"},{\"@type\":\"ListItem\",\"position\":2,\"name\":\"Straight Forward Lab Impresiones 3D\"}]},{\"@type\":\"WebSite\",\"@id\":\"https:\\\/\\\/str8forwardlab.com\\\/es\\\/#website\",\"url\":\"https:\\\/\\\/str8forwardlab.com\\\/es\\\/\",\"name\":\"Straight Forward Lab - Impresi\u00f3n 3D para ortodoncistas\",\"description\":\"Impresi\u00f3n 3D para ortodoncistas\",\"potentialAction\":[{\"@type\":\"SearchAction\",\"target\":{\"@type\":\"EntryPoint\",\"urlTemplate\":\"https:\\\/\\\/str8forwardlab.com\\\/es\\\/?s={search_term_string}\"},\"query-input\":{\"@type\":\"PropertyValueSpecification\",\"valueRequired\":true,\"valueName\":\"search_term_string\"}}],\"inLanguage\":\"es\"}]}<\/script>\n<!-- \/ Yoast SEO plugin. -->","yoast_head_json":{"title":"Straight Forward Lab 3D impresiones para dentistas digitales en OKC","description":"Straight Forward Lab 3D impresiones, nos especializamos en la impresi\u00f3n de productos de ortodoncia para dentistas y digitales en OKLAHOMA CITY","robots":{"index":"index","follow":"follow","max-snippet":"max-snippet:-1","max-image-preview":"max-image-preview:large","max-video-preview":"max-video-preview:-1"},"canonical":"https:\/\/str8forwardlab.com\/es\/","og_locale":"es_ES","og_type":"article","og_title":"Straight Forward Lab 3D impresiones para dentistas digitales en OKC","og_description":"Straight Forward Lab 3D impresiones, nos especializamos en la impresi\u00f3n de productos de ortodoncia para dentistas y digitales en OKLAHOMA CITY","og_url":"https:\/\/str8forwardlab.com\/es\/","og_site_name":"Straight Forward Lab - Impresi\u00f3n 3D para ortodoncistas","article_modified_time":"2021-05-27T23:22:42+00:00","og_image":[{"width":799,"height":600,"url":"https:\/\/str8forwardlab.com\/es\/wp-content\/uploads\/2020\/06\/Formlabs-Form-3B-printer-in-lab.jpg","type":"image\/jpeg"}],"twitter_card":"summary_large_image","twitter_misc":{"Tiempo de lectura":"1 minuto"},"schema":{"@context":"https:\/\/schema.org","@graph":[{"@type":"WebPage","@id":"https:\/\/str8forwardlab.com\/es\/","url":"https:\/\/str8forwardlab.com\/es\/","name":"Straight Forward Lab 3D impresiones para dentistas digitales en OKC","isPartOf":{"@id":"https:\/\/str8forwardlab.com\/es\/#website"},"primaryImageOfPage":{"@id":"https:\/\/str8forwardlab.com\/es\/#primaryimage"},"image":{"@id":"https:\/\/str8forwardlab.com\/es\/#primaryimage"},"thumbnailUrl":"https:\/\/str8forwardlab.com\/es\/wp-content\/uploads\/2020\/06\/Formlabs-Form-3B-printer-in-lab.jpg","datePublished":"2020-06-07T15:34:07+00:00","dateModified":"2021-05-27T23:22:42+00:00","description":"Straight Forward Lab 3D impresiones, nos especializamos en la impresi\u00f3n de productos de ortodoncia para dentistas y digitales en OKLAHOMA CITY","breadcrumb":{"@id":"https:\/\/str8forwardlab.com\/es\/#breadcrumb"},"inLanguage":"es","potentialAction":[{"@type":"ReadAction","target":["https:\/\/str8forwardlab.com\/es\/"]}]},{"@type":"ImageObject","inLanguage":"es","@id":"https:\/\/str8forwardlab.com\/es\/#primaryimage","url":"https:\/\/str8forwardlab.com\/es\/wp-content\/uploads\/2020\/06\/Formlabs-Form-3B-printer-in-lab.jpg","contentUrl":"https:\/\/str8forwardlab.com\/es\/wp-content\/uploads\/2020\/06\/Formlabs-Form-3B-printer-in-lab.jpg","width":799,"height":600,"caption":"Straight Forward Lab 3D"},{"@type":"BreadcrumbList","@id":"https:\/\/str8forwardlab.com\/es\/#breadcrumb","itemListElement":[{"@type":"ListItem","position":1,"name":"Home","item":"https:\/\/str8forwardlab.com\/es\/"},{"@type":"ListItem","position":2,"name":"Straight Forward Lab Impresiones 3D"}]},{"@type":"WebSite","@id":"https:\/\/str8forwardlab.com\/es\/#website","url":"https:\/\/str8forwardlab.com\/es\/","name":"Straight Forward Lab - Impresi\u00f3n 3D para ortodoncistas","description":"Impresi\u00f3n 3D para ortodoncistas","potentialAction":[{"@type":"SearchAction","target":{"@type":"EntryPoint","urlTemplate":"https:\/\/str8forwardlab.com\/es\/?s={search_term_string}"},"query-input":{"@type":"PropertyValueSpecification","valueRequired":true,"valueName":"search_term_string"}}],"inLanguage":"es"}]}},"_links":{"self":[{"href":"https:\/\/str8forwardlab.com\/es\/wp-json\/wp\/v2\/pages\/119","targetHints":{"allow":["GET"]}}],"collection":[{"href":"https:\/\/str8forwardlab.com\/es\/wp-json\/wp\/v2\/pages"}],"about":[{"href":"https:\/\/str8forwardlab.com\/es\/wp-json\/wp\/v2\/types\/page"}],"author":[{"embeddable":true,"href":"https:\/\/str8forwardlab.com\/es\/wp-json\/wp\/v2\/users\/1"}],"replies":[{"embeddable":true,"href":"https:\/\/str8forwardlab.com\/es\/wp-json\/wp\/v2\/comments?post=119"}],"version-history":[{"count":0,"href":"https:\/\/str8forwardlab.com\/es\/wp-json\/wp\/v2\/pages\/119\/revisions"}],"wp:featuredmedia":[{"embeddable":true,"href":"https:\/\/str8forwardlab.com\/es\/wp-json\/wp\/v2\/media\/242"}],"wp:attachment":[{"href":"https:\/\/str8forwardlab.com\/es\/wp-json\/wp\/v2\/media?parent=119"}],"curies":[{"name":"wp","href":"https:\/\/api.w.org\/{rel}","templated":true}]}}