 


{"id":14,"date":"2020-05-14T19:44:06","date_gmt":"2020-05-14T19:44:06","guid":{"rendered":"http:\/\/192.168.71.150:8083\/?page_id=14"},"modified":"2025-02-17T23:09:32","modified_gmt":"2025-02-17T23:09:32","slug":"straight-forward-lab","status":"publish","type":"page","link":"https:\/\/str8forwardlab.com\/es\/straight-forward-lab\/","title":{"rendered":"Straight Forward Lab Impresion 3D <br>para Dentistas y Ortodoncistas Digitales"},"content":{"rendered":"<h3>Straight Forward Lab<\/h3>\n<p>Straight Forward Lab (SFL) comienza con una asociaci\u00f3n para brindar opciones rentables y eficaces que ahorran tiempo a ortodoncistas y dentistas. Nos enfocamos en modelos impresos para ortodoncia, impresi\u00f3n directa en metal\u00a0 y retenedores transparentes termoformados. Todo comenz\u00f3 con un equipo de ortodoncistas que comprende las necesidades, deseos y frustraciones de los ortodoncistas y dentistas contempor\u00e1neos desde su perspectiva.<\/p>\n<p>\u201cDespu\u00e9s de a\u00f1os de trabajar con mi esposa, la <a href=\"https:\/\/str8forwardlab.com\/es\/teamwork\/dr-priscilla-larson\/\">Dra. Priscilla Larson<\/a>, para ayudarla a hacer crecer su pr\u00e1ctica de ortodoncia, aprend\u00ed de primera mano acerca de las frustraciones que ella y su equipo a menudo experimentan al tratar de obtener las mejores soluciones para sus pacientes\u201d, dice el <a href=\"https:\/\/str8forwardlab.com\/es\/teamwork\/erick-larson-md-jd\/\">Dr. Erick Larson<\/a>, uno de los tres socios de Straight Forward Lab. \u201cComo resultado, nos enfocamos en solventar esto y liderar esta \u00e1rea utilizando tecnolog\u00eda de vanguardia.\u201d<\/p>\n<h3>Avances Tiempo-Eficiencia \/ Costos-Efectividad<\/h3>\n<p>\u201cEsto ha sido importante para nosotros durante mucho tiempo\u201d, agrega el <a href=\"https:\/\/str8forwardlab.com\/es\/teamwork\/erick-larson-md-jd\/\">Dr. Erick<\/a>. \u201cDesde el momento en que Priscilla estaba en la escuela de odontolog\u00eda, estaba decidida a utilizar la tecnolog\u00eda para garantizar que los pacientes tuvieran la mejor experiencia y tratamiento en la ciudad de Oklahoma. En la actualidad Straight Forward Lab extiende esa visi\u00f3n de alta tecnolog\u00eda al entorno de laboratorio. Por lo tanto, no es s\u00f3lo una decisi\u00f3n inteligente para nuestro negocio. Es un beneficio para todos los dem\u00e1s que practican la ortodoncia y la odontolog\u00eda y que visualizan brindar los beneficios del uso de la tecnolog\u00eda a sus pacientes.\u201d<\/p>\n<p>La <a href=\"https:\/\/str8forwardlab.com\/es\/teamwork\/dr-priscilla-larson\/\">Dra. Larson<\/a>, con la ayuda de sus socios comerciales, su esposo el <a href=\"https:\/\/str8forwardlab.com\/es\/teamwork\/erick-larson-md-jd\/\">Dr. Erick<\/a> y <a href=\"https:\/\/str8forwardlab.com\/es\/teamwork\/julie-ingram\/\">Julie Ingram<\/a>, ve el laboratorio como el cumplimiento de un sue\u00f1o muy importante. De hecho, su objetivo es brindar todo el apoyo necesario a los ortodoncistas, dentistas y sus equipos de trabajo. Adem\u00e1s, de que ellos puedan aprovechar la tecnolog\u00eda disponible y hacerlo de manera rentable a trav\u00e9s de Straight Forward Lab.<\/p>\n<p>\u201cPor ejemplo\u201d, dice, \u201cpodemos imprimirle al cliente un modelo 3D si el tiene el esc\u00e1ner, el software, el tiempo y la inclinaci\u00f3n para quitar digitalmente los aparatos de ortodoncia y mover los dientes para formar retenedores sobre los modelos. O podemos realizar cualquier combinaci\u00f3n de estos pasos a pedido, si el cliente s\u00f3lo desea realizar un escaneo y recibir el producto final (retenedores en este caso) y no realizar ning\u00fan proceso intermedio.\u201d<\/p>\n<h3>Straight Forward Lab<br \/>\nProbando Nuestro Concepto<\/h3>\n<p>La <a href=\"https:\/\/str8forwardlab.com\/es\/teamwork\/dr-priscilla-larson\/\">Dra. Larson<\/a> insisti\u00f3 en la creaci\u00f3n del laboratorio despu\u00e9s de revisar los n\u00fameros con sus socios. \u201cEst\u00e1bamos gastando MUCHO en los servicios de laboratorios externos\u201d, recuerda. \u00abY a menudo quedamos satisfechos, pero no impresionados por sus productos.\u00bb<\/p>\n<p>Teniendo en cuenta el tiempo de respuesta de los productos\u00a0 fabricados en laboratorio, incluso cuando el tiempo de env\u00edo se reduce mediante el env\u00edo de registros digitales, el <a href=\"https:\/\/str8forwardlab.com\/es\/teamwork\/erick-larson-md-jd\/\">Dr. Larson<\/a> y sus socios determinaron que podr\u00edan hacer que los productos elaborados en el laboratorio fueran mejores, m\u00e1s r\u00e1pidos y m\u00e1s baratos. Como resultado, se propusieron demostrarlo y lo lograron con Straight Forward Lab.<\/p>\n<h3>Productos de Ortodoncia<br \/>\nhechos por Ortodoncistas para Ortoncistas<\/h3>\n<p>Un beneficio \u00fanico de Straight Forward Lab es que nuestros t\u00e9cnicos de laboratorio son asistentes de ortodoncia. \u201cEntienden los procedimientos y tratamientos por dentro y por fuera y saben por qu\u00e9 algunas cosas funcionan y otras no\u201d, explica el <a href=\"https:\/\/str8forwardlab.com\/es\/teamwork\/erick-larson-md-jd\/\">Dr. Erick Larson<\/a>. \u201cLa curva de aprendizaje ha sido mucho m\u00e1s f\u00e1cil ya que saben qu\u00e9 es todo y por qu\u00e9 lo hacemos, y por qu\u00e9 algunos atajos son totalmente aceptables y por qu\u00e9 otros resultar\u00edan en un producto completamente in\u00fatil.\u201d<\/p>\n<p>Otro beneficio es que la mayor\u00eda de nuestros t\u00e9cnicos de laboratorio han estado manipulando <a href=\"https:\/\/es.wikipedia.org\/wiki\/Modelado_3D\" target=\"_blank\" rel=\"noopener\">modelos 3D<\/a> a lo largo de su educaci\u00f3n para su carrera. Por esa raz\u00f3n, el entorno del laboratorio digital es algo natural para ellos. Dar a nuestros clientes acceso a lo esencial y hacer pedidos f\u00e1ciles en el sitio web proporciona ahorros adicionales de tiempo y costos para todos.<\/p>\n<p>Centrarse en los elementos claves permite que el laboratorio mantenga una posici\u00f3n de liderazgo y sostenible en el mercado. \u00abPodemos crecer con los avances tecnol\u00f3gicos y ayudar a otros consultorios dentales y de ortodoncistas en la transici\u00f3n a lo digital\u00bb, dice<a href=\"https:\/\/str8forwardlab.com\/es\/teamwork\/julie-ingram\/\"> Julie<\/a>.<\/p>\n<h3>Ayudando a Ortodoncistas en su Transici\u00f3n a un Consultorio Digital<\/h3>\n<p>El Dr. Larson est\u00e1 de acuerdo con Julie y agrega: \u201cLa mayor\u00eda de los m\u00e9dicos y consultorios en estos d\u00edas tienen un esc\u00e1ner digital. Sin embargo, pocos tienen el tiempo, la energ\u00eda o el conocimiento para invertir en estos cambios importantes. En Straight Forward Lab hemos invertido en los recursos y la tecnolog\u00eda necesaria por lo que hemos adquirido una valiosa experiencia. Como resultado, los consultorio y equipos de trabajo que ayudamos se benefician de nuestra experiencia lo que les acorta el tiempo y el costo de inicio del proceso.\u00bb<\/p>\n<p>Straight Forward Lab se mantiene enfocado en las tecnolog\u00edas m\u00e1s nuevas y prometedoras que no est\u00e1n com\u00fanmente disponibles en otros laboratorios. Por lo tanto, nuestro objetivo es mejorar la calidad y la eficiencia en las nuevas tecnolog\u00edas en ortodoncia.<\/p>\n","protected":false},"excerpt":{"rendered":"<p>Straight Forward Lab Straight Forward Lab (SFL) comienza con una asociaci\u00f3n para brindar opciones rentables y eficaces que ahorran tiempo a ortodoncistas y dentistas. Nos enfocamos en modelos impresos para ortodoncia, impresi\u00f3n directa en metal\u00a0 y retenedores transparentes termoformados. Todo comenz\u00f3 con un equipo de ortodoncistas que comprende las necesidades, deseos y frustraciones de los [&hellip;]<\/p>\n","protected":false},"author":1,"featured_media":629,"parent":0,"menu_order":0,"comment_status":"closed","ping_status":"closed","template":"tpls\/template-about.php","meta":{"footnotes":""},"class_list":["post-14","page","type-page","status-publish","has-post-thumbnail","hentry"],"yoast_head":"<!-- This site is optimized with the Yoast SEO plugin v27.3 - https:\/\/yoast.com\/product\/yoast-seo-wordpress\/ -->\n<title>Straight Forward Lab | Impresi\u00f3n 3D | Dentistas y Ortodoncistas Digitales<\/title>\n<meta name=\"description\" content=\"Straight Forward Lab es una asociaci\u00f3n que nace para brindar opciones rentables y eficaces que le ahorran tiempo a ortodoncistas y dentistas.\" \/>\n<meta name=\"robots\" content=\"index, follow, max-snippet:-1, max-image-preview:large, max-video-preview:-1\" \/>\n<link rel=\"canonical\" href=\"https:\/\/str8forwardlab.com\/es\/straight-forward-lab\/\" \/>\n<meta property=\"og:locale\" content=\"es_ES\" \/>\n<meta property=\"og:type\" content=\"article\" \/>\n<meta property=\"og:title\" content=\"Straight Forward Lab | Impresi\u00f3n 3D | Dentistas y Ortodoncistas Digitales\" \/>\n<meta property=\"og:description\" content=\"Straight Forward Lab es una asociaci\u00f3n que nace para brindar opciones rentables y eficaces que le ahorran tiempo a ortodoncistas y dentistas.\" \/>\n<meta property=\"og:url\" content=\"https:\/\/str8forwardlab.com\/es\/straight-forward-lab\/\" \/>\n<meta property=\"og:site_name\" content=\"Straight Forward Lab - Impresi\u00f3n 3D para ortodoncistas\" \/>\n<meta property=\"article:modified_time\" content=\"2025-02-17T23:09:32+00:00\" \/>\n<meta property=\"og:image\" content=\"https:\/\/str8forwardlab.com\/es\/wp-content\/uploads\/2025\/02\/erick-wife.jpg\" \/>\n\t<meta property=\"og:image:width\" content=\"1024\" \/>\n\t<meta property=\"og:image:height\" content=\"735\" \/>\n\t<meta property=\"og:image:type\" content=\"image\/jpeg\" \/>\n<meta name=\"twitter:card\" content=\"summary_large_image\" \/>\n<meta name=\"twitter:label1\" content=\"Tiempo de lectura\" \/>\n\t<meta name=\"twitter:data1\" content=\"4 minutos\" \/>\n<script type=\"application\/ld+json\" class=\"yoast-schema-graph\">{\"@context\":\"https:\\\/\\\/schema.org\",\"@graph\":[{\"@type\":\"WebPage\",\"@id\":\"https:\\\/\\\/str8forwardlab.com\\\/es\\\/straight-forward-lab\\\/\",\"url\":\"https:\\\/\\\/str8forwardlab.com\\\/es\\\/straight-forward-lab\\\/\",\"name\":\"Straight Forward Lab | Impresi\u00f3n 3D | Dentistas y Ortodoncistas Digitales\",\"isPartOf\":{\"@id\":\"https:\\\/\\\/str8forwardlab.com\\\/es\\\/#website\"},\"primaryImageOfPage\":{\"@id\":\"https:\\\/\\\/str8forwardlab.com\\\/es\\\/straight-forward-lab\\\/#primaryimage\"},\"image\":{\"@id\":\"https:\\\/\\\/str8forwardlab.com\\\/es\\\/straight-forward-lab\\\/#primaryimage\"},\"thumbnailUrl\":\"https:\\\/\\\/str8forwardlab.com\\\/es\\\/wp-content\\\/uploads\\\/2025\\\/02\\\/erick-wife.jpg\",\"datePublished\":\"2020-05-14T19:44:06+00:00\",\"dateModified\":\"2025-02-17T23:09:32+00:00\",\"description\":\"Straight Forward Lab es una asociaci\u00f3n que nace para brindar opciones rentables y eficaces que le ahorran tiempo a ortodoncistas y dentistas.\",\"breadcrumb\":{\"@id\":\"https:\\\/\\\/str8forwardlab.com\\\/es\\\/straight-forward-lab\\\/#breadcrumb\"},\"inLanguage\":\"es\",\"potentialAction\":[{\"@type\":\"ReadAction\",\"target\":[\"https:\\\/\\\/str8forwardlab.com\\\/es\\\/straight-forward-lab\\\/\"]}]},{\"@type\":\"ImageObject\",\"inLanguage\":\"es\",\"@id\":\"https:\\\/\\\/str8forwardlab.com\\\/es\\\/straight-forward-lab\\\/#primaryimage\",\"url\":\"https:\\\/\\\/str8forwardlab.com\\\/es\\\/wp-content\\\/uploads\\\/2025\\\/02\\\/erick-wife.jpg\",\"contentUrl\":\"https:\\\/\\\/str8forwardlab.com\\\/es\\\/wp-content\\\/uploads\\\/2025\\\/02\\\/erick-wife.jpg\",\"width\":1024,\"height\":735},{\"@type\":\"BreadcrumbList\",\"@id\":\"https:\\\/\\\/str8forwardlab.com\\\/es\\\/straight-forward-lab\\\/#breadcrumb\",\"itemListElement\":[{\"@type\":\"ListItem\",\"position\":1,\"name\":\"Home\",\"item\":\"https:\\\/\\\/str8forwardlab.com\\\/es\\\/\"},{\"@type\":\"ListItem\",\"position\":2,\"name\":\"Straight Forward Lab Impresion 3D para Dentistas y Ortodoncistas Digitales\"}]},{\"@type\":\"WebSite\",\"@id\":\"https:\\\/\\\/str8forwardlab.com\\\/es\\\/#website\",\"url\":\"https:\\\/\\\/str8forwardlab.com\\\/es\\\/\",\"name\":\"Straight Forward Lab - Impresi\u00f3n 3D para ortodoncistas\",\"description\":\"Impresi\u00f3n 3D para ortodoncistas\",\"potentialAction\":[{\"@type\":\"SearchAction\",\"target\":{\"@type\":\"EntryPoint\",\"urlTemplate\":\"https:\\\/\\\/str8forwardlab.com\\\/es\\\/?s={search_term_string}\"},\"query-input\":{\"@type\":\"PropertyValueSpecification\",\"valueRequired\":true,\"valueName\":\"search_term_string\"}}],\"inLanguage\":\"es\"}]}<\/script>\n<!-- \/ Yoast SEO plugin. -->","yoast_head_json":{"title":"Straight Forward Lab | Impresi\u00f3n 3D | Dentistas y Ortodoncistas Digitales","description":"Straight Forward Lab es una asociaci\u00f3n que nace para brindar opciones rentables y eficaces que le ahorran tiempo a ortodoncistas y dentistas.","robots":{"index":"index","follow":"follow","max-snippet":"max-snippet:-1","max-image-preview":"max-image-preview:large","max-video-preview":"max-video-preview:-1"},"canonical":"https:\/\/str8forwardlab.com\/es\/straight-forward-lab\/","og_locale":"es_ES","og_type":"article","og_title":"Straight Forward Lab | Impresi\u00f3n 3D | Dentistas y Ortodoncistas Digitales","og_description":"Straight Forward Lab es una asociaci\u00f3n que nace para brindar opciones rentables y eficaces que le ahorran tiempo a ortodoncistas y dentistas.","og_url":"https:\/\/str8forwardlab.com\/es\/straight-forward-lab\/","og_site_name":"Straight Forward Lab - Impresi\u00f3n 3D para ortodoncistas","article_modified_time":"2025-02-17T23:09:32+00:00","og_image":[{"width":1024,"height":735,"url":"https:\/\/str8forwardlab.com\/es\/wp-content\/uploads\/2025\/02\/erick-wife.jpg","type":"image\/jpeg"}],"twitter_card":"summary_large_image","twitter_misc":{"Tiempo de lectura":"4 minutos"},"schema":{"@context":"https:\/\/schema.org","@graph":[{"@type":"WebPage","@id":"https:\/\/str8forwardlab.com\/es\/straight-forward-lab\/","url":"https:\/\/str8forwardlab.com\/es\/straight-forward-lab\/","name":"Straight Forward Lab | Impresi\u00f3n 3D | Dentistas y Ortodoncistas Digitales","isPartOf":{"@id":"https:\/\/str8forwardlab.com\/es\/#website"},"primaryImageOfPage":{"@id":"https:\/\/str8forwardlab.com\/es\/straight-forward-lab\/#primaryimage"},"image":{"@id":"https:\/\/str8forwardlab.com\/es\/straight-forward-lab\/#primaryimage"},"thumbnailUrl":"https:\/\/str8forwardlab.com\/es\/wp-content\/uploads\/2025\/02\/erick-wife.jpg","datePublished":"2020-05-14T19:44:06+00:00","dateModified":"2025-02-17T23:09:32+00:00","description":"Straight Forward Lab es una asociaci\u00f3n que nace para brindar opciones rentables y eficaces que le ahorran tiempo a ortodoncistas y dentistas.","breadcrumb":{"@id":"https:\/\/str8forwardlab.com\/es\/straight-forward-lab\/#breadcrumb"},"inLanguage":"es","potentialAction":[{"@type":"ReadAction","target":["https:\/\/str8forwardlab.com\/es\/straight-forward-lab\/"]}]},{"@type":"ImageObject","inLanguage":"es","@id":"https:\/\/str8forwardlab.com\/es\/straight-forward-lab\/#primaryimage","url":"https:\/\/str8forwardlab.com\/es\/wp-content\/uploads\/2025\/02\/erick-wife.jpg","contentUrl":"https:\/\/str8forwardlab.com\/es\/wp-content\/uploads\/2025\/02\/erick-wife.jpg","width":1024,"height":735},{"@type":"BreadcrumbList","@id":"https:\/\/str8forwardlab.com\/es\/straight-forward-lab\/#breadcrumb","itemListElement":[{"@type":"ListItem","position":1,"name":"Home","item":"https:\/\/str8forwardlab.com\/es\/"},{"@type":"ListItem","position":2,"name":"Straight Forward Lab Impresion 3D para Dentistas y Ortodoncistas Digitales"}]},{"@type":"WebSite","@id":"https:\/\/str8forwardlab.com\/es\/#website","url":"https:\/\/str8forwardlab.com\/es\/","name":"Straight Forward Lab - Impresi\u00f3n 3D para ortodoncistas","description":"Impresi\u00f3n 3D para ortodoncistas","potentialAction":[{"@type":"SearchAction","target":{"@type":"EntryPoint","urlTemplate":"https:\/\/str8forwardlab.com\/es\/?s={search_term_string}"},"query-input":{"@type":"PropertyValueSpecification","valueRequired":true,"valueName":"search_term_string"}}],"inLanguage":"es"}]}},"_links":{"self":[{"href":"https:\/\/str8forwardlab.com\/es\/wp-json\/wp\/v2\/pages\/14","targetHints":{"allow":["GET"]}}],"collection":[{"href":"https:\/\/str8forwardlab.com\/es\/wp-json\/wp\/v2\/pages"}],"about":[{"href":"https:\/\/str8forwardlab.com\/es\/wp-json\/wp\/v2\/types\/page"}],"author":[{"embeddable":true,"href":"https:\/\/str8forwardlab.com\/es\/wp-json\/wp\/v2\/users\/1"}],"replies":[{"embeddable":true,"href":"https:\/\/str8forwardlab.com\/es\/wp-json\/wp\/v2\/comments?post=14"}],"version-history":[{"count":1,"href":"https:\/\/str8forwardlab.com\/es\/wp-json\/wp\/v2\/pages\/14\/revisions"}],"predecessor-version":[{"id":512,"href":"https:\/\/str8forwardlab.com\/es\/wp-json\/wp\/v2\/pages\/14\/revisions\/512"}],"wp:featuredmedia":[{"embeddable":true,"href":"https:\/\/str8forwardlab.com\/es\/wp-json\/wp\/v2\/media\/629"}],"wp:attachment":[{"href":"https:\/\/str8forwardlab.com\/es\/wp-json\/wp\/v2\/media?parent=14"}],"curies":[{"name":"wp","href":"https:\/\/api.w.org\/{rel}","templated":true}]}}