 


{"id":33,"date":"2020-05-17T15:55:59","date_gmt":"2020-05-17T15:55:59","guid":{"rendered":"http:\/\/192.168.71.150:8083\/?page_id=33"},"modified":"2021-09-02T16:37:11","modified_gmt":"2021-09-02T16:37:11","slug":"pedidos-online","status":"publish","type":"page","link":"https:\/\/str8forwardlab.com\/es\/pedidos-online\/","title":{"rendered":"Pedidos Online"},"content":{"rendered":"<h2>Pedidos Online, Realice su Pedido de Manera F\u00e1cil y R\u00e1pida<\/h2>\n<p>Recuerde que para realizar sus Pedidos Online necesita tener una cuenta con\u00a0 <a href=\"https:\/\/www.labstar.com\/\" target=\"_blank\" rel=\"noopener\"><strong>LabStar<\/strong> <\/a>\u00f3 <a href=\"https:\/\/login.easyrxortho.com\/sso\/module.php\/multiauth\/selectsource.php?AuthState=_242ff30bdde429fefcba73d0acc6516e4b387abe05%3Ahttps%3A%2F%2Flogin.easyrxortho.com%2Fsso%2Fmodule.php%2Fcore%2Fas_login.php%3FAuthId%3Dmulti-auth%26ReturnTo%3Dhttps%253A%252F%252Flogin.easyrxortho.com%252F\" target=\"_blank\" rel=\"noopener\"><strong>EasyRX<\/strong><\/a>.<\/p>\n<p>Si ya tiene una cuenta de LabStar con <a href=\"https:\/\/str8forwardlab.com\/es\">StraightForward Lab<\/a>, siga el enlace de inicio de sesi\u00f3n a continuaci\u00f3n. Si necesita configurar una cuenta, complete el formulario. Para los clientes de EasyRX, proceda al inicio de sesi\u00f3n de Easy RX para realizar un pedido.<\/p>\n","protected":false},"excerpt":{"rendered":"<p>Pedidos Online, Realice su Pedido de Manera F\u00e1cil y R\u00e1pida Recuerde que para realizar sus Pedidos Online necesita tener una cuenta con\u00a0 LabStar \u00f3 EasyRX. Si ya tiene una cuenta de LabStar con StraightForward Lab, siga el enlace de inicio de sesi\u00f3n a continuaci\u00f3n. Si necesita configurar una cuenta, complete el formulario. Para los clientes [&hellip;]<\/p>\n","protected":false},"author":1,"featured_media":416,"parent":0,"menu_order":0,"comment_status":"closed","ping_status":"closed","template":"tpls\/template-orders.php","meta":{"footnotes":""},"class_list":["post-33","page","type-page","status-publish","has-post-thumbnail","hentry"],"yoast_head":"<!-- This site is optimized with the Yoast SEO plugin v27.3 - https:\/\/yoast.com\/product\/yoast-seo-wordpress\/ -->\n<title>Pedidos Online | Str8forwardlab | OK | Impresiones 3D para dentistas.<\/title>\n<meta name=\"description\" content=\"Pedidos Online en Str8forwardlab, No importa donde, puede realizar su pedido online de una manera f\u00e1cil y r\u00e1pida, ahorrando tiempo y dinero\" \/>\n<meta name=\"robots\" content=\"index, follow, max-snippet:-1, max-image-preview:large, max-video-preview:-1\" \/>\n<link rel=\"canonical\" href=\"https:\/\/str8forwardlab.com\/es\/pedidos-online\/\" \/>\n<meta property=\"og:locale\" content=\"es_ES\" \/>\n<meta property=\"og:type\" content=\"article\" \/>\n<meta property=\"og:title\" content=\"Pedidos Online | Str8forwardlab | OK | Impresiones 3D para dentistas.\" \/>\n<meta property=\"og:description\" content=\"Pedidos Online en Str8forwardlab, No importa donde, puede realizar su pedido online de una manera f\u00e1cil y r\u00e1pida, ahorrando tiempo y dinero\" \/>\n<meta property=\"og:url\" content=\"https:\/\/str8forwardlab.com\/es\/pedidos-online\/\" \/>\n<meta property=\"og:site_name\" content=\"Straight Forward Lab - Impresi\u00f3n 3D para ortodoncistas\" \/>\n<meta property=\"article:modified_time\" content=\"2021-09-02T16:37:11+00:00\" \/>\n<meta property=\"og:image\" content=\"https:\/\/str8forwardlab.com\/es\/wp-content\/uploads\/2021\/03\/IMG_3654.jpg\" \/>\n\t<meta property=\"og:image:width\" content=\"640\" \/>\n\t<meta property=\"og:image:height\" content=\"480\" \/>\n\t<meta property=\"og:image:type\" content=\"image\/jpeg\" \/>\n<meta name=\"twitter:card\" content=\"summary_large_image\" \/>\n<meta name=\"twitter:label1\" content=\"Tiempo de lectura\" \/>\n\t<meta name=\"twitter:data1\" content=\"1 minuto\" \/>\n<script type=\"application\/ld+json\" class=\"yoast-schema-graph\">{\"@context\":\"https:\\\/\\\/schema.org\",\"@graph\":[{\"@type\":\"WebPage\",\"@id\":\"https:\\\/\\\/str8forwardlab.com\\\/es\\\/pedidos-online\\\/\",\"url\":\"https:\\\/\\\/str8forwardlab.com\\\/es\\\/pedidos-online\\\/\",\"name\":\"Pedidos Online | Str8forwardlab | OK | Impresiones 3D para dentistas.\",\"isPartOf\":{\"@id\":\"https:\\\/\\\/str8forwardlab.com\\\/es\\\/#website\"},\"primaryImageOfPage\":{\"@id\":\"https:\\\/\\\/str8forwardlab.com\\\/es\\\/pedidos-online\\\/#primaryimage\"},\"image\":{\"@id\":\"https:\\\/\\\/str8forwardlab.com\\\/es\\\/pedidos-online\\\/#primaryimage\"},\"thumbnailUrl\":\"https:\\\/\\\/str8forwardlab.com\\\/es\\\/wp-content\\\/uploads\\\/2021\\\/03\\\/IMG_3654.jpg\",\"datePublished\":\"2020-05-17T15:55:59+00:00\",\"dateModified\":\"2021-09-02T16:37:11+00:00\",\"description\":\"Pedidos Online en Str8forwardlab, No importa donde, puede realizar su pedido online de una manera f\u00e1cil y r\u00e1pida, ahorrando tiempo y dinero\",\"breadcrumb\":{\"@id\":\"https:\\\/\\\/str8forwardlab.com\\\/es\\\/pedidos-online\\\/#breadcrumb\"},\"inLanguage\":\"es\",\"potentialAction\":[{\"@type\":\"ReadAction\",\"target\":[\"https:\\\/\\\/str8forwardlab.com\\\/es\\\/pedidos-online\\\/\"]}]},{\"@type\":\"ImageObject\",\"inLanguage\":\"es\",\"@id\":\"https:\\\/\\\/str8forwardlab.com\\\/es\\\/pedidos-online\\\/#primaryimage\",\"url\":\"https:\\\/\\\/str8forwardlab.com\\\/es\\\/wp-content\\\/uploads\\\/2021\\\/03\\\/IMG_3654.jpg\",\"contentUrl\":\"https:\\\/\\\/str8forwardlab.com\\\/es\\\/wp-content\\\/uploads\\\/2021\\\/03\\\/IMG_3654.jpg\",\"width\":640,\"height\":480,\"caption\":\"Pedidos Online | Str8forwardlab | OK | Impresiones 3D para dentistas.\"},{\"@type\":\"BreadcrumbList\",\"@id\":\"https:\\\/\\\/str8forwardlab.com\\\/es\\\/pedidos-online\\\/#breadcrumb\",\"itemListElement\":[{\"@type\":\"ListItem\",\"position\":1,\"name\":\"Home\",\"item\":\"https:\\\/\\\/str8forwardlab.com\\\/es\\\/\"},{\"@type\":\"ListItem\",\"position\":2,\"name\":\"Pedidos Online\"}]},{\"@type\":\"WebSite\",\"@id\":\"https:\\\/\\\/str8forwardlab.com\\\/es\\\/#website\",\"url\":\"https:\\\/\\\/str8forwardlab.com\\\/es\\\/\",\"name\":\"Straight Forward Lab - Impresi\u00f3n 3D para ortodoncistas\",\"description\":\"Impresi\u00f3n 3D para ortodoncistas\",\"potentialAction\":[{\"@type\":\"SearchAction\",\"target\":{\"@type\":\"EntryPoint\",\"urlTemplate\":\"https:\\\/\\\/str8forwardlab.com\\\/es\\\/?s={search_term_string}\"},\"query-input\":{\"@type\":\"PropertyValueSpecification\",\"valueRequired\":true,\"valueName\":\"search_term_string\"}}],\"inLanguage\":\"es\"}]}<\/script>\n<!-- \/ Yoast SEO plugin. -->","yoast_head_json":{"title":"Pedidos Online | Str8forwardlab | OK | Impresiones 3D para dentistas.","description":"Pedidos Online en Str8forwardlab, No importa donde, puede realizar su pedido online de una manera f\u00e1cil y r\u00e1pida, ahorrando tiempo y dinero","robots":{"index":"index","follow":"follow","max-snippet":"max-snippet:-1","max-image-preview":"max-image-preview:large","max-video-preview":"max-video-preview:-1"},"canonical":"https:\/\/str8forwardlab.com\/es\/pedidos-online\/","og_locale":"es_ES","og_type":"article","og_title":"Pedidos Online | Str8forwardlab | OK | Impresiones 3D para dentistas.","og_description":"Pedidos Online en Str8forwardlab, No importa donde, puede realizar su pedido online de una manera f\u00e1cil y r\u00e1pida, ahorrando tiempo y dinero","og_url":"https:\/\/str8forwardlab.com\/es\/pedidos-online\/","og_site_name":"Straight Forward Lab - Impresi\u00f3n 3D para ortodoncistas","article_modified_time":"2021-09-02T16:37:11+00:00","og_image":[{"width":640,"height":480,"url":"https:\/\/str8forwardlab.com\/es\/wp-content\/uploads\/2021\/03\/IMG_3654.jpg","type":"image\/jpeg"}],"twitter_card":"summary_large_image","twitter_misc":{"Tiempo de lectura":"1 minuto"},"schema":{"@context":"https:\/\/schema.org","@graph":[{"@type":"WebPage","@id":"https:\/\/str8forwardlab.com\/es\/pedidos-online\/","url":"https:\/\/str8forwardlab.com\/es\/pedidos-online\/","name":"Pedidos Online | Str8forwardlab | OK | Impresiones 3D para dentistas.","isPartOf":{"@id":"https:\/\/str8forwardlab.com\/es\/#website"},"primaryImageOfPage":{"@id":"https:\/\/str8forwardlab.com\/es\/pedidos-online\/#primaryimage"},"image":{"@id":"https:\/\/str8forwardlab.com\/es\/pedidos-online\/#primaryimage"},"thumbnailUrl":"https:\/\/str8forwardlab.com\/es\/wp-content\/uploads\/2021\/03\/IMG_3654.jpg","datePublished":"2020-05-17T15:55:59+00:00","dateModified":"2021-09-02T16:37:11+00:00","description":"Pedidos Online en Str8forwardlab, No importa donde, puede realizar su pedido online de una manera f\u00e1cil y r\u00e1pida, ahorrando tiempo y dinero","breadcrumb":{"@id":"https:\/\/str8forwardlab.com\/es\/pedidos-online\/#breadcrumb"},"inLanguage":"es","potentialAction":[{"@type":"ReadAction","target":["https:\/\/str8forwardlab.com\/es\/pedidos-online\/"]}]},{"@type":"ImageObject","inLanguage":"es","@id":"https:\/\/str8forwardlab.com\/es\/pedidos-online\/#primaryimage","url":"https:\/\/str8forwardlab.com\/es\/wp-content\/uploads\/2021\/03\/IMG_3654.jpg","contentUrl":"https:\/\/str8forwardlab.com\/es\/wp-content\/uploads\/2021\/03\/IMG_3654.jpg","width":640,"height":480,"caption":"Pedidos Online | Str8forwardlab | OK | Impresiones 3D para dentistas."},{"@type":"BreadcrumbList","@id":"https:\/\/str8forwardlab.com\/es\/pedidos-online\/#breadcrumb","itemListElement":[{"@type":"ListItem","position":1,"name":"Home","item":"https:\/\/str8forwardlab.com\/es\/"},{"@type":"ListItem","position":2,"name":"Pedidos Online"}]},{"@type":"WebSite","@id":"https:\/\/str8forwardlab.com\/es\/#website","url":"https:\/\/str8forwardlab.com\/es\/","name":"Straight Forward Lab - Impresi\u00f3n 3D para ortodoncistas","description":"Impresi\u00f3n 3D para ortodoncistas","potentialAction":[{"@type":"SearchAction","target":{"@type":"EntryPoint","urlTemplate":"https:\/\/str8forwardlab.com\/es\/?s={search_term_string}"},"query-input":{"@type":"PropertyValueSpecification","valueRequired":true,"valueName":"search_term_string"}}],"inLanguage":"es"}]}},"_links":{"self":[{"href":"https:\/\/str8forwardlab.com\/es\/wp-json\/wp\/v2\/pages\/33","targetHints":{"allow":["GET"]}}],"collection":[{"href":"https:\/\/str8forwardlab.com\/es\/wp-json\/wp\/v2\/pages"}],"about":[{"href":"https:\/\/str8forwardlab.com\/es\/wp-json\/wp\/v2\/types\/page"}],"author":[{"embeddable":true,"href":"https:\/\/str8forwardlab.com\/es\/wp-json\/wp\/v2\/users\/1"}],"replies":[{"embeddable":true,"href":"https:\/\/str8forwardlab.com\/es\/wp-json\/wp\/v2\/comments?post=33"}],"version-history":[{"count":1,"href":"https:\/\/str8forwardlab.com\/es\/wp-json\/wp\/v2\/pages\/33\/revisions"}],"predecessor-version":[{"id":514,"href":"https:\/\/str8forwardlab.com\/es\/wp-json\/wp\/v2\/pages\/33\/revisions\/514"}],"wp:featuredmedia":[{"embeddable":true,"href":"https:\/\/str8forwardlab.com\/es\/wp-json\/wp\/v2\/media\/416"}],"wp:attachment":[{"href":"https:\/\/str8forwardlab.com\/es\/wp-json\/wp\/v2\/media?parent=33"}],"curies":[{"name":"wp","href":"https:\/\/api.w.org\/{rel}","templated":true}]}}