 


{"id":38,"date":"2020-05-17T16:17:31","date_gmt":"2020-05-17T16:17:31","guid":{"rendered":"http:\/\/192.168.71.150:8083\/?page_id=38"},"modified":"2021-09-02T16:33:52","modified_gmt":"2021-09-02T16:33:52","slug":"impresion-de-modelos","status":"publish","type":"page","link":"https:\/\/str8forwardlab.com\/es\/impresion-de-modelos\/","title":{"rendered":"Impresi\u00f3n de Modelos"},"content":{"rendered":"<h2>Nuestra impresi\u00f3n de modelos es precisa,de alta calidad y se realiza localmente<\/h2>\n<p>La impresi\u00f3n de modelos de <a href=\"https:\/\/str8forwardlab.com\/es\/straight-forward-lab\/\">Straight Forward Lab<\/a> es de la m\u00e1s alta calidad, para ella se utiliza impresi\u00f3n 3D de \u00faltima generaci\u00f3n para los <a href=\"https:\/\/www.sciencedirect.com\/topics\/engineering\/thermoformed-product\" target=\"_blank\" rel=\"noopener\">aparatos termoformados<\/a> de su paciente. Nuestros dos modelos producidos incluyen el <a href=\"https:\/\/www.stanfordchildrens.org\/en\/topic\/default?id=glossary---dental-and-oral-health-90-P01854#:~:text=Dental%20arch%20%2D%20the%20horseshoe%2Dshaped,jaws%20that%20contain%20the%20teeth.&amp;text=Dental%20implants%20%2D%20small%20dental%20appliances,teeth%20to%20support%20a%20denture.\" target=\"_blank\" rel=\"noopener\">arco de herradura<\/a> y el <a href=\"https:\/\/pubmed.ncbi.nlm.nih.gov\/28153161\/\" target=\"_blank\" rel=\"noopener\">arco con una base de perfil bajo<\/a>.<\/p>\n<p>Garantizar que las piezas finales sean precisas y de alta calidad es la preocupaci\u00f3n m\u00e1s importante para cualquier pr\u00e1ctica y laboratorio dental u ortod\u00f3ncico. Desafortunadamente, no todos los laboratorios de impresi\u00f3n 3D para odontolog\u00eda pueden ofrecer la calidad, precisi\u00f3n y exactitud necesarias para los modelos impresos. Adem\u00e1s, que comparar las capacidades de impresi\u00f3n 3D de diferentes laboratorios es un desaf\u00edo.<\/p>\n<h2>Hablemos sobre nuestros modelos impresos<\/h2>\n<p>En Straight Forward Lab, no intentaremos confundirlo con declaraciones enga\u00f1osas sobre especificaciones t\u00e9cnicas. En cambio, queremos trabajar con usted para ayudarlo a integrar la ciencia de la ortodoncia y la impresi\u00f3n digital en su pr\u00e1ctica con facilidad. Del mismo modo, estamos aqu\u00ed para apoyarlo durante todo el proceso y en todo momento.<\/p>\n<p>Recupere su tiempo y perm\u00edtanos producir piezas que estar\u00e1 orgulloso de entregar. Sin complicaciones ni costos prohibitivos. Straight Forward Lab le brinda confiabilidad, calidad y facilidad de uso con flujos de trabajo probados.<\/p>\n<h2>Ventajas de proteger una impresora 3D local<\/h2>\n<p>No hay duda de que las pr\u00e1cticas dentales y de ortodoncia est\u00e1n cambiando r\u00e1pidamente. Los ortodoncistas y dentistas se han dado cuenta de que con la nueva tecnolog\u00eda sus consultas son m\u00e1s eficientes y menos costosas.<\/p>\n<p>Por supuesto, siempre habr\u00e1 alg\u00fan papeleo que llenar. Sin embargo, cuanto m\u00e1s digitalizamos los procesos, m\u00e1s podemos mejorar la precisi\u00f3n, comenzar el tratamiento y asegurarnos de que los aparatos de ortodoncia perdidos o rotos se reemplacen de manera f\u00e1cil y rentable.<\/p>\n<p>Tener la facilidad de imprimir sus modelo 3D cerca de casa garantiza un tiempo de entrega m\u00e1s r\u00e1pido. Adem\u00e1s, permite un reemplazo de piezas m\u00e1s r\u00e1pido. Tabi\u00e9n, tiene el beneficio adicional de tratar con un vecino al que puede visitar en persona.<\/p>\n<p>Comprar localmente tambi\u00e9n asegura que su dinero beneficie a la econom\u00eda local y crea una sensaci\u00f3n general de comodidad. \u00bfPor qu\u00e9? Porque sabe que la pandemia y otros problemas globales no se interpondr\u00e1n en la forma de recibir los productos esenciales que su consultorio necesita para atender a los pacientes.+<\/p>\n","protected":false},"excerpt":{"rendered":"<p>Nuestra impresi\u00f3n de modelos es precisa,de alta calidad y se realiza localmente La impresi\u00f3n de modelos de Straight Forward Lab es de la m\u00e1s alta calidad, para ella se utiliza impresi\u00f3n 3D de \u00faltima generaci\u00f3n para los aparatos termoformados de su paciente. Nuestros dos modelos producidos incluyen el arco de herradura y el arco con [&hellip;]<\/p>\n","protected":false},"author":1,"featured_media":323,"parent":0,"menu_order":0,"comment_status":"closed","ping_status":"closed","template":"tpls\/template-services.php","meta":{"footnotes":""},"class_list":["post-38","page","type-page","status-publish","has-post-thumbnail","hentry"],"yoast_head":"<!-- This site is optimized with the Yoast SEO plugin v27.3 - https:\/\/yoast.com\/product\/yoast-seo-wordpress\/ -->\n<title>Impresi\u00f3n de Modelos de alta calidad, precisos y fabricados localmente<\/title>\n<meta name=\"description\" content=\"Straight Forward Lab Impresi\u00f3n de Modelos de la m\u00e1s alta calidad, impresi\u00f3n 3D de para los aparatos termoformados de su paciente.\" \/>\n<meta name=\"robots\" content=\"index, follow, max-snippet:-1, max-image-preview:large, max-video-preview:-1\" \/>\n<link rel=\"canonical\" href=\"https:\/\/str8forwardlab.com\/es\/impresion-de-modelos\/\" \/>\n<meta property=\"og:locale\" content=\"es_ES\" \/>\n<meta property=\"og:type\" content=\"article\" \/>\n<meta property=\"og:title\" content=\"Impresi\u00f3n de Modelos de alta calidad, precisos y fabricados localmente\" \/>\n<meta property=\"og:description\" content=\"Straight Forward Lab Impresi\u00f3n de Modelos de la m\u00e1s alta calidad, impresi\u00f3n 3D de para los aparatos termoformados de su paciente.\" \/>\n<meta property=\"og:url\" content=\"https:\/\/str8forwardlab.com\/es\/impresion-de-modelos\/\" \/>\n<meta property=\"og:site_name\" content=\"Straight Forward Lab - Impresi\u00f3n 3D para ortodoncistas\" \/>\n<meta property=\"article:modified_time\" content=\"2021-09-02T16:33:52+00:00\" \/>\n<meta property=\"og:image\" content=\"https:\/\/str8forwardlab.com\/es\/wp-content\/uploads\/2020\/08\/dental-01.png\" \/>\n\t<meta property=\"og:image:width\" content=\"397\" \/>\n\t<meta property=\"og:image:height\" content=\"397\" \/>\n\t<meta property=\"og:image:type\" content=\"image\/png\" \/>\n<meta name=\"twitter:card\" content=\"summary_large_image\" \/>\n<meta name=\"twitter:label1\" content=\"Tiempo de lectura\" \/>\n\t<meta name=\"twitter:data1\" content=\"2 minutos\" \/>\n<script type=\"application\/ld+json\" class=\"yoast-schema-graph\">{\"@context\":\"https:\\\/\\\/schema.org\",\"@graph\":[{\"@type\":\"WebPage\",\"@id\":\"https:\\\/\\\/str8forwardlab.com\\\/es\\\/impresion-de-modelos\\\/\",\"url\":\"https:\\\/\\\/str8forwardlab.com\\\/es\\\/impresion-de-modelos\\\/\",\"name\":\"Impresi\u00f3n de Modelos de alta calidad, precisos y fabricados localmente\",\"isPartOf\":{\"@id\":\"https:\\\/\\\/str8forwardlab.com\\\/es\\\/#website\"},\"primaryImageOfPage\":{\"@id\":\"https:\\\/\\\/str8forwardlab.com\\\/es\\\/impresion-de-modelos\\\/#primaryimage\"},\"image\":{\"@id\":\"https:\\\/\\\/str8forwardlab.com\\\/es\\\/impresion-de-modelos\\\/#primaryimage\"},\"thumbnailUrl\":\"https:\\\/\\\/str8forwardlab.com\\\/es\\\/wp-content\\\/uploads\\\/2020\\\/08\\\/dental-01.png\",\"datePublished\":\"2020-05-17T16:17:31+00:00\",\"dateModified\":\"2021-09-02T16:33:52+00:00\",\"description\":\"Straight Forward Lab Impresi\u00f3n de Modelos de la m\u00e1s alta calidad, impresi\u00f3n 3D de para los aparatos termoformados de su paciente.\",\"breadcrumb\":{\"@id\":\"https:\\\/\\\/str8forwardlab.com\\\/es\\\/impresion-de-modelos\\\/#breadcrumb\"},\"inLanguage\":\"es\",\"potentialAction\":[{\"@type\":\"ReadAction\",\"target\":[\"https:\\\/\\\/str8forwardlab.com\\\/es\\\/impresion-de-modelos\\\/\"]}]},{\"@type\":\"ImageObject\",\"inLanguage\":\"es\",\"@id\":\"https:\\\/\\\/str8forwardlab.com\\\/es\\\/impresion-de-modelos\\\/#primaryimage\",\"url\":\"https:\\\/\\\/str8forwardlab.com\\\/es\\\/wp-content\\\/uploads\\\/2020\\\/08\\\/dental-01.png\",\"contentUrl\":\"https:\\\/\\\/str8forwardlab.com\\\/es\\\/wp-content\\\/uploads\\\/2020\\\/08\\\/dental-01.png\",\"width\":397,\"height\":397,\"caption\":\"Impresi\u00f3n de Modelos\"},{\"@type\":\"BreadcrumbList\",\"@id\":\"https:\\\/\\\/str8forwardlab.com\\\/es\\\/impresion-de-modelos\\\/#breadcrumb\",\"itemListElement\":[{\"@type\":\"ListItem\",\"position\":1,\"name\":\"Home\",\"item\":\"https:\\\/\\\/str8forwardlab.com\\\/es\\\/\"},{\"@type\":\"ListItem\",\"position\":2,\"name\":\"Impresi\u00f3n de Modelos\"}]},{\"@type\":\"WebSite\",\"@id\":\"https:\\\/\\\/str8forwardlab.com\\\/es\\\/#website\",\"url\":\"https:\\\/\\\/str8forwardlab.com\\\/es\\\/\",\"name\":\"Straight Forward Lab - Impresi\u00f3n 3D para ortodoncistas\",\"description\":\"Impresi\u00f3n 3D para ortodoncistas\",\"potentialAction\":[{\"@type\":\"SearchAction\",\"target\":{\"@type\":\"EntryPoint\",\"urlTemplate\":\"https:\\\/\\\/str8forwardlab.com\\\/es\\\/?s={search_term_string}\"},\"query-input\":{\"@type\":\"PropertyValueSpecification\",\"valueRequired\":true,\"valueName\":\"search_term_string\"}}],\"inLanguage\":\"es\"}]}<\/script>\n<!-- \/ Yoast SEO plugin. -->","yoast_head_json":{"title":"Impresi\u00f3n de Modelos de alta calidad, precisos y fabricados localmente","description":"Straight Forward Lab Impresi\u00f3n de Modelos de la m\u00e1s alta calidad, impresi\u00f3n 3D de para los aparatos termoformados de su paciente.","robots":{"index":"index","follow":"follow","max-snippet":"max-snippet:-1","max-image-preview":"max-image-preview:large","max-video-preview":"max-video-preview:-1"},"canonical":"https:\/\/str8forwardlab.com\/es\/impresion-de-modelos\/","og_locale":"es_ES","og_type":"article","og_title":"Impresi\u00f3n de Modelos de alta calidad, precisos y fabricados localmente","og_description":"Straight Forward Lab Impresi\u00f3n de Modelos de la m\u00e1s alta calidad, impresi\u00f3n 3D de para los aparatos termoformados de su paciente.","og_url":"https:\/\/str8forwardlab.com\/es\/impresion-de-modelos\/","og_site_name":"Straight Forward Lab - Impresi\u00f3n 3D para ortodoncistas","article_modified_time":"2021-09-02T16:33:52+00:00","og_image":[{"width":397,"height":397,"url":"https:\/\/str8forwardlab.com\/es\/wp-content\/uploads\/2020\/08\/dental-01.png","type":"image\/png"}],"twitter_card":"summary_large_image","twitter_misc":{"Tiempo de lectura":"2 minutos"},"schema":{"@context":"https:\/\/schema.org","@graph":[{"@type":"WebPage","@id":"https:\/\/str8forwardlab.com\/es\/impresion-de-modelos\/","url":"https:\/\/str8forwardlab.com\/es\/impresion-de-modelos\/","name":"Impresi\u00f3n de Modelos de alta calidad, precisos y fabricados localmente","isPartOf":{"@id":"https:\/\/str8forwardlab.com\/es\/#website"},"primaryImageOfPage":{"@id":"https:\/\/str8forwardlab.com\/es\/impresion-de-modelos\/#primaryimage"},"image":{"@id":"https:\/\/str8forwardlab.com\/es\/impresion-de-modelos\/#primaryimage"},"thumbnailUrl":"https:\/\/str8forwardlab.com\/es\/wp-content\/uploads\/2020\/08\/dental-01.png","datePublished":"2020-05-17T16:17:31+00:00","dateModified":"2021-09-02T16:33:52+00:00","description":"Straight Forward Lab Impresi\u00f3n de Modelos de la m\u00e1s alta calidad, impresi\u00f3n 3D de para los aparatos termoformados de su paciente.","breadcrumb":{"@id":"https:\/\/str8forwardlab.com\/es\/impresion-de-modelos\/#breadcrumb"},"inLanguage":"es","potentialAction":[{"@type":"ReadAction","target":["https:\/\/str8forwardlab.com\/es\/impresion-de-modelos\/"]}]},{"@type":"ImageObject","inLanguage":"es","@id":"https:\/\/str8forwardlab.com\/es\/impresion-de-modelos\/#primaryimage","url":"https:\/\/str8forwardlab.com\/es\/wp-content\/uploads\/2020\/08\/dental-01.png","contentUrl":"https:\/\/str8forwardlab.com\/es\/wp-content\/uploads\/2020\/08\/dental-01.png","width":397,"height":397,"caption":"Impresi\u00f3n de Modelos"},{"@type":"BreadcrumbList","@id":"https:\/\/str8forwardlab.com\/es\/impresion-de-modelos\/#breadcrumb","itemListElement":[{"@type":"ListItem","position":1,"name":"Home","item":"https:\/\/str8forwardlab.com\/es\/"},{"@type":"ListItem","position":2,"name":"Impresi\u00f3n de Modelos"}]},{"@type":"WebSite","@id":"https:\/\/str8forwardlab.com\/es\/#website","url":"https:\/\/str8forwardlab.com\/es\/","name":"Straight Forward Lab - Impresi\u00f3n 3D para ortodoncistas","description":"Impresi\u00f3n 3D para ortodoncistas","potentialAction":[{"@type":"SearchAction","target":{"@type":"EntryPoint","urlTemplate":"https:\/\/str8forwardlab.com\/es\/?s={search_term_string}"},"query-input":{"@type":"PropertyValueSpecification","valueRequired":true,"valueName":"search_term_string"}}],"inLanguage":"es"}]}},"_links":{"self":[{"href":"https:\/\/str8forwardlab.com\/es\/wp-json\/wp\/v2\/pages\/38","targetHints":{"allow":["GET"]}}],"collection":[{"href":"https:\/\/str8forwardlab.com\/es\/wp-json\/wp\/v2\/pages"}],"about":[{"href":"https:\/\/str8forwardlab.com\/es\/wp-json\/wp\/v2\/types\/page"}],"author":[{"embeddable":true,"href":"https:\/\/str8forwardlab.com\/es\/wp-json\/wp\/v2\/users\/1"}],"replies":[{"embeddable":true,"href":"https:\/\/str8forwardlab.com\/es\/wp-json\/wp\/v2\/comments?post=38"}],"version-history":[{"count":6,"href":"https:\/\/str8forwardlab.com\/es\/wp-json\/wp\/v2\/pages\/38\/revisions"}],"predecessor-version":[{"id":509,"href":"https:\/\/str8forwardlab.com\/es\/wp-json\/wp\/v2\/pages\/38\/revisions\/509"}],"wp:featuredmedia":[{"embeddable":true,"href":"https:\/\/str8forwardlab.com\/es\/wp-json\/wp\/v2\/media\/323"}],"wp:attachment":[{"href":"https:\/\/str8forwardlab.com\/es\/wp-json\/wp\/v2\/media?parent=38"}],"curies":[{"name":"wp","href":"https:\/\/api.w.org\/{rel}","templated":true}]}}