 


{"id":40,"date":"2020-05-17T16:24:26","date_gmt":"2020-05-17T16:24:26","guid":{"rendered":"http:\/\/192.168.71.150:8083\/?page_id=40"},"modified":"2021-09-02T16:35:18","modified_gmt":"2021-09-02T16:35:18","slug":"impresion-directa-en-metal","status":"publish","type":"page","link":"https:\/\/str8forwardlab.com\/es\/impresion-directa-en-metal\/","title":{"rendered":"Impresi\u00f3n Directa en Metal"},"content":{"rendered":"<h2>Un enfoque totalmente digital para la impresi\u00f3n directa en metal<\/h2>\n<p>Los aparatos de impresi\u00f3n directa en metal (DMP) funcionan cl\u00ednicamente como aparatos de ortodoncia convencionales. Este enfoque totalmente digital genera un flujo de trabajo m\u00e1s r\u00e1pido, dispositivos m\u00e1s predecibles y un reemplazo m\u00e1s r\u00e1pido en caso de p\u00e9rdida o rotura de dispositivos.<\/p>\n<h2>C\u00f3mo se fabrican los dispositivos de impresi\u00f3n directa en metal<\/h2>\n<p>La impresi\u00f3n directa de metales es una tecnolog\u00eda de fabricaci\u00f3n aditiva que crea piezas met\u00e1licas complejas de alta calidad a partir de datos <a href=\"https:\/\/str8forwardlab.com\/es\/straight-forward-lab\/\">CAD en 3D<\/a>. En la m\u00e1quina, un l\u00e1ser de alta precisi\u00f3n se dirige a las part\u00edculas de polvo de metal para acumular selectivamente capas de metal horizontales delgadas una tras otra. Esta tecnolog\u00eda de vanguardia permite la producci\u00f3n de piezas met\u00e1licas con geometr\u00edas desafiantes. Tal producci\u00f3n no es posible utilizando tecnolog\u00edas tradicionales de sustracci\u00f3n o fundici\u00f3n. Por otro lado, una variedad de metales funcionales est\u00e1n disponibles para imprimir dise\u00f1os desde prototipos hasta series de producci\u00f3n.<\/p>\n<h2>Explorando las posibilidades de la impresi\u00f3n directa en metal<\/h2>\n<p>Un flujo de trabajo totalmente digital para la construcci\u00f3n de aparatos de ortodoncia con impresi\u00f3n directa en metal, como el<a href=\"https:\/\/www.ncbi.nlm.nih.gov\/pmc\/articles\/PMC4296605\/\" target=\"_blank\" rel=\"noopener\"> hyrax<\/a>, ahora es posible utilizando <a href=\"https:\/\/hbr.org\/2015\/05\/the-3-d-printing-revolution\" target=\"_blank\" rel=\"noopener\">CAD \/ CAM con impresi\u00f3n 3D<\/a>. Esta t\u00e9cnica elimina todos los problemas iniciales asociados con la obtenci\u00f3n de una impresi\u00f3n, incluido el reflejo nauseoso, la incomodidad del paciente y los problemas derivados del material de impresi\u00f3n, como cambios dimensionales y atrapamiento de aire.<\/p>\n<p>Otra ventaja es que no se necesitan separadores (necesarios con las bandas de molares convencionales) porque el hyrax impreso es un modelo digital. Esto significa que las bandas rodean los molares, sin necesidad de extenderse hacia el espacio interdental. Como resultado, hay una visita menos al dentista, sin separadores dolorosos y sin impresi\u00f3n de los modelos de estudio f\u00edsico.<\/p>\n<p>Adem\u00e1s, una copia de la impresi\u00f3n en el archivo digital facilita el reemplazo en caso de que se rompa un aparato.<\/p>\n<h2>M\u00e1s ventajas con esta tecnolog\u00eda de fabricaci\u00f3n aditiva<\/h2>\n<p>Adem\u00e1s, el ortodoncista tratante controla el dise\u00f1o adaptando la distribuci\u00f3n de la fuerza diferencial transferida a la dentici\u00f3n. De esta manera, las fuerzas individualizadas se transfieren desde el tornillo de expansi\u00f3n a la dentici\u00f3n.<\/p>\n<p>Las ventajas adicionales asociadas con nuestra impresi\u00f3n en metal directa incluyen:<\/p>\n<ul>\n<li>Producci\u00f3n de formas peque\u00f1as y extremadamente complejas sin necesidad de herramientas.<\/li>\n<li>Piezas de alta calidad y fabricaci\u00f3n de piezas en serie con las tolerancias m\u00e1s estrictas.<\/li>\n<li>Las mejores piezas con acabado superficial de la industria con una precisi\u00f3n excepcional.<\/li>\n<li>Adapte el dise\u00f1o de piezas innovador frente a los procesos convencionales.<\/li>\n<li>Topolog\u00eda optimizada de piezas y personalizaci\u00f3n masiva.<\/li>\n<li>Las estructuras complejas y de paredes delgadas permiten una reducci\u00f3n significativa del peso de las piezas.<\/li>\n<\/ul>\n","protected":false},"excerpt":{"rendered":"<p>Un enfoque totalmente digital para la impresi\u00f3n directa en metal Los aparatos de impresi\u00f3n directa en metal (DMP) funcionan cl\u00ednicamente como aparatos de ortodoncia convencionales. Este enfoque totalmente digital genera un flujo de trabajo m\u00e1s r\u00e1pido, dispositivos m\u00e1s predecibles y un reemplazo m\u00e1s r\u00e1pido en caso de p\u00e9rdida o rotura de dispositivos. C\u00f3mo se fabrican [&hellip;]<\/p>\n","protected":false},"author":1,"featured_media":325,"parent":0,"menu_order":0,"comment_status":"closed","ping_status":"closed","template":"tpls\/template-services.php","meta":{"footnotes":""},"class_list":["post-40","page","type-page","status-publish","has-post-thumbnail","hentry"],"yoast_head":"<!-- This site is optimized with the Yoast SEO plugin v27.3 - https:\/\/yoast.com\/product\/yoast-seo-wordpress\/ -->\n<title>Impresi\u00f3n Directa en Metal digital para un flujo de trabajo m\u00e1s r\u00e1pido<\/title>\n<meta name=\"description\" content=\"Impresi\u00f3n Directa en Metal digital para un flujo de trabajo m\u00e1s r\u00e1pido dispositivos m\u00e1s predecibles y un reemplazo m\u00e1s r\u00e1pido.\" \/>\n<meta name=\"robots\" content=\"index, follow, max-snippet:-1, max-image-preview:large, max-video-preview:-1\" \/>\n<link rel=\"canonical\" href=\"https:\/\/str8forwardlab.com\/es\/impresion-directa-en-metal\/\" \/>\n<meta property=\"og:locale\" content=\"es_ES\" \/>\n<meta property=\"og:type\" content=\"article\" \/>\n<meta property=\"og:title\" content=\"Impresi\u00f3n Directa en Metal digital para un flujo de trabajo m\u00e1s r\u00e1pido\" \/>\n<meta property=\"og:description\" content=\"Impresi\u00f3n Directa en Metal digital para un flujo de trabajo m\u00e1s r\u00e1pido dispositivos m\u00e1s predecibles y un reemplazo m\u00e1s r\u00e1pido.\" \/>\n<meta property=\"og:url\" content=\"https:\/\/str8forwardlab.com\/es\/impresion-directa-en-metal\/\" \/>\n<meta property=\"og:site_name\" content=\"Straight Forward Lab - Impresi\u00f3n 3D para ortodoncistas\" \/>\n<meta property=\"article:modified_time\" content=\"2021-09-02T16:35:18+00:00\" \/>\n<meta property=\"og:image\" content=\"https:\/\/str8forwardlab.com\/es\/wp-content\/uploads\/2020\/08\/Direct-Metal-Print-3.png\" \/>\n\t<meta property=\"og:image:width\" content=\"397\" \/>\n\t<meta property=\"og:image:height\" content=\"397\" \/>\n\t<meta property=\"og:image:type\" content=\"image\/png\" \/>\n<meta name=\"twitter:card\" content=\"summary_large_image\" \/>\n<meta name=\"twitter:label1\" content=\"Tiempo de lectura\" \/>\n\t<meta name=\"twitter:data1\" content=\"2 minutos\" \/>\n<script type=\"application\/ld+json\" class=\"yoast-schema-graph\">{\"@context\":\"https:\\\/\\\/schema.org\",\"@graph\":[{\"@type\":\"WebPage\",\"@id\":\"https:\\\/\\\/str8forwardlab.com\\\/es\\\/impresion-directa-en-metal\\\/\",\"url\":\"https:\\\/\\\/str8forwardlab.com\\\/es\\\/impresion-directa-en-metal\\\/\",\"name\":\"Impresi\u00f3n Directa en Metal digital para un flujo de trabajo m\u00e1s r\u00e1pido\",\"isPartOf\":{\"@id\":\"https:\\\/\\\/str8forwardlab.com\\\/es\\\/#website\"},\"primaryImageOfPage\":{\"@id\":\"https:\\\/\\\/str8forwardlab.com\\\/es\\\/impresion-directa-en-metal\\\/#primaryimage\"},\"image\":{\"@id\":\"https:\\\/\\\/str8forwardlab.com\\\/es\\\/impresion-directa-en-metal\\\/#primaryimage\"},\"thumbnailUrl\":\"https:\\\/\\\/str8forwardlab.com\\\/es\\\/wp-content\\\/uploads\\\/2020\\\/08\\\/Direct-Metal-Print-3.png\",\"datePublished\":\"2020-05-17T16:24:26+00:00\",\"dateModified\":\"2021-09-02T16:35:18+00:00\",\"description\":\"Impresi\u00f3n Directa en Metal digital para un flujo de trabajo m\u00e1s r\u00e1pido dispositivos m\u00e1s predecibles y un reemplazo m\u00e1s r\u00e1pido.\",\"breadcrumb\":{\"@id\":\"https:\\\/\\\/str8forwardlab.com\\\/es\\\/impresion-directa-en-metal\\\/#breadcrumb\"},\"inLanguage\":\"es\",\"potentialAction\":[{\"@type\":\"ReadAction\",\"target\":[\"https:\\\/\\\/str8forwardlab.com\\\/es\\\/impresion-directa-en-metal\\\/\"]}]},{\"@type\":\"ImageObject\",\"inLanguage\":\"es\",\"@id\":\"https:\\\/\\\/str8forwardlab.com\\\/es\\\/impresion-directa-en-metal\\\/#primaryimage\",\"url\":\"https:\\\/\\\/str8forwardlab.com\\\/es\\\/wp-content\\\/uploads\\\/2020\\\/08\\\/Direct-Metal-Print-3.png\",\"contentUrl\":\"https:\\\/\\\/str8forwardlab.com\\\/es\\\/wp-content\\\/uploads\\\/2020\\\/08\\\/Direct-Metal-Print-3.png\",\"width\":397,\"height\":397,\"caption\":\"Impresi\u00f3n Directa en Metal\"},{\"@type\":\"BreadcrumbList\",\"@id\":\"https:\\\/\\\/str8forwardlab.com\\\/es\\\/impresion-directa-en-metal\\\/#breadcrumb\",\"itemListElement\":[{\"@type\":\"ListItem\",\"position\":1,\"name\":\"Home\",\"item\":\"https:\\\/\\\/str8forwardlab.com\\\/es\\\/\"},{\"@type\":\"ListItem\",\"position\":2,\"name\":\"Impresi\u00f3n Directa en Metal\"}]},{\"@type\":\"WebSite\",\"@id\":\"https:\\\/\\\/str8forwardlab.com\\\/es\\\/#website\",\"url\":\"https:\\\/\\\/str8forwardlab.com\\\/es\\\/\",\"name\":\"Straight Forward Lab - Impresi\u00f3n 3D para ortodoncistas\",\"description\":\"Impresi\u00f3n 3D para ortodoncistas\",\"potentialAction\":[{\"@type\":\"SearchAction\",\"target\":{\"@type\":\"EntryPoint\",\"urlTemplate\":\"https:\\\/\\\/str8forwardlab.com\\\/es\\\/?s={search_term_string}\"},\"query-input\":{\"@type\":\"PropertyValueSpecification\",\"valueRequired\":true,\"valueName\":\"search_term_string\"}}],\"inLanguage\":\"es\"}]}<\/script>\n<!-- \/ Yoast SEO plugin. -->","yoast_head_json":{"title":"Impresi\u00f3n Directa en Metal digital para un flujo de trabajo m\u00e1s r\u00e1pido","description":"Impresi\u00f3n Directa en Metal digital para un flujo de trabajo m\u00e1s r\u00e1pido dispositivos m\u00e1s predecibles y un reemplazo m\u00e1s r\u00e1pido.","robots":{"index":"index","follow":"follow","max-snippet":"max-snippet:-1","max-image-preview":"max-image-preview:large","max-video-preview":"max-video-preview:-1"},"canonical":"https:\/\/str8forwardlab.com\/es\/impresion-directa-en-metal\/","og_locale":"es_ES","og_type":"article","og_title":"Impresi\u00f3n Directa en Metal digital para un flujo de trabajo m\u00e1s r\u00e1pido","og_description":"Impresi\u00f3n Directa en Metal digital para un flujo de trabajo m\u00e1s r\u00e1pido dispositivos m\u00e1s predecibles y un reemplazo m\u00e1s r\u00e1pido.","og_url":"https:\/\/str8forwardlab.com\/es\/impresion-directa-en-metal\/","og_site_name":"Straight Forward Lab - Impresi\u00f3n 3D para ortodoncistas","article_modified_time":"2021-09-02T16:35:18+00:00","og_image":[{"width":397,"height":397,"url":"https:\/\/str8forwardlab.com\/es\/wp-content\/uploads\/2020\/08\/Direct-Metal-Print-3.png","type":"image\/png"}],"twitter_card":"summary_large_image","twitter_misc":{"Tiempo de lectura":"2 minutos"},"schema":{"@context":"https:\/\/schema.org","@graph":[{"@type":"WebPage","@id":"https:\/\/str8forwardlab.com\/es\/impresion-directa-en-metal\/","url":"https:\/\/str8forwardlab.com\/es\/impresion-directa-en-metal\/","name":"Impresi\u00f3n Directa en Metal digital para un flujo de trabajo m\u00e1s r\u00e1pido","isPartOf":{"@id":"https:\/\/str8forwardlab.com\/es\/#website"},"primaryImageOfPage":{"@id":"https:\/\/str8forwardlab.com\/es\/impresion-directa-en-metal\/#primaryimage"},"image":{"@id":"https:\/\/str8forwardlab.com\/es\/impresion-directa-en-metal\/#primaryimage"},"thumbnailUrl":"https:\/\/str8forwardlab.com\/es\/wp-content\/uploads\/2020\/08\/Direct-Metal-Print-3.png","datePublished":"2020-05-17T16:24:26+00:00","dateModified":"2021-09-02T16:35:18+00:00","description":"Impresi\u00f3n Directa en Metal digital para un flujo de trabajo m\u00e1s r\u00e1pido dispositivos m\u00e1s predecibles y un reemplazo m\u00e1s r\u00e1pido.","breadcrumb":{"@id":"https:\/\/str8forwardlab.com\/es\/impresion-directa-en-metal\/#breadcrumb"},"inLanguage":"es","potentialAction":[{"@type":"ReadAction","target":["https:\/\/str8forwardlab.com\/es\/impresion-directa-en-metal\/"]}]},{"@type":"ImageObject","inLanguage":"es","@id":"https:\/\/str8forwardlab.com\/es\/impresion-directa-en-metal\/#primaryimage","url":"https:\/\/str8forwardlab.com\/es\/wp-content\/uploads\/2020\/08\/Direct-Metal-Print-3.png","contentUrl":"https:\/\/str8forwardlab.com\/es\/wp-content\/uploads\/2020\/08\/Direct-Metal-Print-3.png","width":397,"height":397,"caption":"Impresi\u00f3n Directa en Metal"},{"@type":"BreadcrumbList","@id":"https:\/\/str8forwardlab.com\/es\/impresion-directa-en-metal\/#breadcrumb","itemListElement":[{"@type":"ListItem","position":1,"name":"Home","item":"https:\/\/str8forwardlab.com\/es\/"},{"@type":"ListItem","position":2,"name":"Impresi\u00f3n Directa en Metal"}]},{"@type":"WebSite","@id":"https:\/\/str8forwardlab.com\/es\/#website","url":"https:\/\/str8forwardlab.com\/es\/","name":"Straight Forward Lab - Impresi\u00f3n 3D para ortodoncistas","description":"Impresi\u00f3n 3D para ortodoncistas","potentialAction":[{"@type":"SearchAction","target":{"@type":"EntryPoint","urlTemplate":"https:\/\/str8forwardlab.com\/es\/?s={search_term_string}"},"query-input":{"@type":"PropertyValueSpecification","valueRequired":true,"valueName":"search_term_string"}}],"inLanguage":"es"}]}},"_links":{"self":[{"href":"https:\/\/str8forwardlab.com\/es\/wp-json\/wp\/v2\/pages\/40","targetHints":{"allow":["GET"]}}],"collection":[{"href":"https:\/\/str8forwardlab.com\/es\/wp-json\/wp\/v2\/pages"}],"about":[{"href":"https:\/\/str8forwardlab.com\/es\/wp-json\/wp\/v2\/types\/page"}],"author":[{"embeddable":true,"href":"https:\/\/str8forwardlab.com\/es\/wp-json\/wp\/v2\/users\/1"}],"replies":[{"embeddable":true,"href":"https:\/\/str8forwardlab.com\/es\/wp-json\/wp\/v2\/comments?post=40"}],"version-history":[{"count":5,"href":"https:\/\/str8forwardlab.com\/es\/wp-json\/wp\/v2\/pages\/40\/revisions"}],"predecessor-version":[{"id":504,"href":"https:\/\/str8forwardlab.com\/es\/wp-json\/wp\/v2\/pages\/40\/revisions\/504"}],"wp:featuredmedia":[{"embeddable":true,"href":"https:\/\/str8forwardlab.com\/es\/wp-json\/wp\/v2\/media\/325"}],"wp:attachment":[{"href":"https:\/\/str8forwardlab.com\/es\/wp-json\/wp\/v2\/media?parent=40"}],"curies":[{"name":"wp","href":"https:\/\/api.w.org\/{rel}","templated":true}]}}