 


{"id":42,"date":"2020-05-17T16:27:01","date_gmt":"2020-05-17T16:27:01","guid":{"rendered":"http:\/\/192.168.71.150:8083\/?page_id=42"},"modified":"2023-01-02T21:48:15","modified_gmt":"2023-01-02T21:48:15","slug":"retenedores-transparente-termoformados","status":"publish","type":"page","link":"https:\/\/str8forwardlab.com\/es\/retenedores-transparente-termoformados\/","title":{"rendered":"Retenedores Transparente Termoformados"},"content":{"rendered":"<p><img loading=\"lazy\" decoding=\"async\" class=\"wp-image-328 size-large\" src=\"https:\/\/str8forwardlab.com\/es\/wp-content\/uploads\/2020\/08\/TABLA-WEB-1024x532.jpg\" alt=\"clear thermoform retainers\" width=\"1024\" height=\"532\" srcset=\"https:\/\/str8forwardlab.com\/es\/wp-content\/uploads\/2020\/08\/TABLA-WEB-1024x532.jpg 1024w, https:\/\/str8forwardlab.com\/es\/wp-content\/uploads\/2020\/08\/TABLA-WEB-450x234.jpg 450w, https:\/\/str8forwardlab.com\/es\/wp-content\/uploads\/2020\/08\/TABLA-WEB-768x399.jpg 768w, https:\/\/str8forwardlab.com\/es\/wp-content\/uploads\/2020\/08\/TABLA-WEB-1536x799.jpg 1536w, https:\/\/str8forwardlab.com\/es\/wp-content\/uploads\/2020\/08\/TABLA-WEB.jpg 1675w\" sizes=\"auto, (max-width: 1024px) 100vw, 1024px\" \/><\/p>\n<p>&nbsp;<\/p>\n<p>Retenedores Transparente Termoformados ya est\u00e1n disponibles localmente, aqu\u00ed mismo en Oklahoma City. <a href=\"https:\/\/str8forwardlab.com\/es\">Straight Forward Lab<\/a> fabrica retenedores que utilizan varias opciones de materiales. Ofrecemos la l\u00ednea de productos Essix (siendo Essix ACE el m\u00e1s popular), as\u00ed como Zendura. La cuales\u00a0 una excelente opci\u00f3n para la comodidad del paciente, tiempos de movimiento reducidos y mayor durabilidad. Si necesita un material diferente al que ofrecemos actualmente, comun\u00edquese con nosotros. Podemos ofrecerle m\u00e1s variedad de materiales.<\/p>\n<h2>Confiabilidad de Essix ACE para retenedores de termoformado transparentes<\/h2>\n<p>Los pl\u00e1sticos Essix ACE brindan apariencia, resistencia y durabilidad. Essix es un nombre muy respetado en pl\u00e1sticos dentales y tecnolog\u00eda de pol\u00edmeros. Cuando se trata de satisfacer las necesidades de m\u00e9dicos y pacientes por igual, Essix le ofrece calidad y la versatilidad que necesita.<\/p>\n<p>Los retenedores transparentes hechos de pl\u00e1stico Essix ACE son una opci\u00f3n est\u00e9ticamente agradable para los pacientes que desean evitar usar un retenedor con un alambre visible. La retenci\u00f3n despu\u00e9s del tratamiento de ortodoncia es vital para mantener la nueva sonrisa del paciente.<\/p>\n<p>Essix es una marca de materiales de retenci\u00f3n compuestos de pl\u00e1stico. Construimos retenedores a partir de una hoja transparente de polipropileno. Luego, la hoja se somete al vac\u00edo o se termoforma sobre un modelo dental de los dientes de su paciente.<\/p>\n<h2>Retenedores Transparente Termoformados usando Zendura<\/h2>\n<p><a href=\"https:\/\/www.zenduradental.com\/\" target=\"_blank\" rel=\"noopener\">Zendura<\/a> tiene una serie de propiedades claves que incluyen la retenci\u00f3n de tensi\u00f3n, resistencia al agrietamiento, resistencia a las manchas, claridad y una f\u00e1cil fabricaci\u00f3n. Por ejemplo, tiene una amplia ventana de procesamiento para reducir el riesgo de una mala experiencia de termoformado. Esto incluye un paquete de barrera de aluminio para mantener el contenido con la humedad \u00f3ptima.<\/p>\n<p>La fabricaci\u00f3n usando el material <a href=\"https:\/\/www.zenduradental.com\/\" target=\"_blank\" rel=\"noopener\">Zendura<\/a> y utilizando un sistema de formaci\u00f3n de presi\u00f3n positiva es r\u00e1pida y sin problemas. Adem\u00e1s, puede completar la fabricaci\u00f3n de <a href=\"https:\/\/www.zenduradental.com\/\" target=\"_blank\" rel=\"noopener\">Zendura<\/a> en horas y tener la seguridad que el aparato encajar\u00e1 perfectamente.<\/p>\n<p>Algunas aplicaciones comunes de <a href=\"https:\/\/www.zenduradental.com\/\" target=\"_blank\" rel=\"noopener\">Zendura<\/a> incluyen retenedores transparentes y alineadores transparentes. La primera generaci\u00f3n del material <a href=\"https:\/\/www.zenduradental.com\/\" target=\"_blank\" rel=\"noopener\">Zendura<\/a> es espec\u00edficamente para alineadores transparentes. Por lo tanto, es ideal para sistemas de movimiento dental completo y menor. Los alicates para detalles se pueden utilizar para producir hoyuelos de hasta 0,5 mm en el aparato <a href=\"https:\/\/www.zenduradental.com\/\" target=\"_blank\" rel=\"noopener\">Zendura<\/a> para el movimiento dental deseado, y <a href=\"https:\/\/www.zenduradental.com\/\" target=\"_blank\" rel=\"noopener\">Zendura<\/a> retendr\u00e1 el hoyuelo para un control avanzado del resultado deseado.<\/p>\n<p>Dado que la dureza, la resistencia a las manchas y la transparencia de por vida son propiedades del material <a href=\"https:\/\/www.zenduradental.com\/\" target=\"_blank\" rel=\"noopener\">Zendura<\/a> , tambi\u00e9n es una soluci\u00f3n de retenci\u00f3n rentable. Los retenedores hechos de <a href=\"https:\/\/www.zenduradental.com\/\" target=\"_blank\" rel=\"noopener\">Zendura<\/a> se ajustan bien y no se rompen f\u00e1cilmente. Por esta raz\u00f3n, protege la inversi\u00f3n de su paciente y eleva la experiencia y satisfacci\u00f3n general del paciente. Cuando un retenedor es resistente a la rotura mientras se forma, fabrica y aplica en la boca, es resistente a fallas tempranas en una aplicaci\u00f3n y mantiene una apariencia pr\u00edstina durante una vida \u00fatil prolongada, tanto el m\u00e9dico como el paciente se benefician.<\/p>\n","protected":false},"excerpt":{"rendered":"<p>&nbsp; Retenedores Transparente Termoformados ya est\u00e1n disponibles localmente, aqu\u00ed mismo en Oklahoma City. Straight Forward Lab fabrica retenedores que utilizan varias opciones de materiales. Ofrecemos la l\u00ednea de productos Essix (siendo Essix ACE el m\u00e1s popular), as\u00ed como Zendura. La cuales\u00a0 una excelente opci\u00f3n para la comodidad del paciente, tiempos de movimiento reducidos y mayor [&hellip;]<\/p>\n","protected":false},"author":1,"featured_media":97,"parent":0,"menu_order":0,"comment_status":"closed","ping_status":"closed","template":"tpls\/template-services.php","meta":{"footnotes":""},"class_list":["post-42","page","type-page","status-publish","has-post-thumbnail","hentry"],"yoast_head":"<!-- This site is optimized with the Yoast SEO plugin v27.3 - https:\/\/yoast.com\/product\/yoast-seo-wordpress\/ -->\n<title>Retenedores Transparente Termoformados producidos localmente en OKC<\/title>\n<meta name=\"description\" content=\"Retenedores Transparente Termoformados producidos localmente en OK City por Straight Forward Lab, con eficiencia y rapidez.\" \/>\n<meta name=\"robots\" content=\"index, follow, max-snippet:-1, max-image-preview:large, max-video-preview:-1\" \/>\n<link rel=\"canonical\" href=\"https:\/\/str8forwardlab.com\/es\/retenedores-transparente-termoformados\/\" \/>\n<meta property=\"og:locale\" content=\"es_ES\" \/>\n<meta property=\"og:type\" content=\"article\" \/>\n<meta property=\"og:title\" content=\"Retenedores Transparente Termoformados producidos localmente en OKC\" \/>\n<meta property=\"og:description\" content=\"Retenedores Transparente Termoformados producidos localmente en OK City por Straight Forward Lab, con eficiencia y rapidez.\" \/>\n<meta property=\"og:url\" content=\"https:\/\/str8forwardlab.com\/es\/retenedores-transparente-termoformados\/\" \/>\n<meta property=\"og:site_name\" content=\"Straight Forward Lab - Impresi\u00f3n 3D para ortodoncistas\" \/>\n<meta property=\"article:modified_time\" content=\"2023-01-02T21:48:15+00:00\" \/>\n<meta property=\"og:image\" content=\"https:\/\/str8forwardlab.com\/es\/wp-content\/uploads\/2020\/06\/clear-retainer-1024x683-1.jpg\" \/>\n\t<meta property=\"og:image:width\" content=\"1024\" \/>\n\t<meta property=\"og:image:height\" content=\"683\" \/>\n\t<meta property=\"og:image:type\" content=\"image\/jpeg\" \/>\n<meta name=\"twitter:card\" content=\"summary_large_image\" \/>\n<meta name=\"twitter:label1\" content=\"Tiempo de lectura\" \/>\n\t<meta name=\"twitter:data1\" content=\"3 minutos\" \/>\n<script type=\"application\/ld+json\" class=\"yoast-schema-graph\">{\"@context\":\"https:\\\/\\\/schema.org\",\"@graph\":[{\"@type\":\"WebPage\",\"@id\":\"https:\\\/\\\/str8forwardlab.com\\\/es\\\/retenedores-transparente-termoformados\\\/\",\"url\":\"https:\\\/\\\/str8forwardlab.com\\\/es\\\/retenedores-transparente-termoformados\\\/\",\"name\":\"Retenedores Transparente Termoformados producidos localmente en OKC\",\"isPartOf\":{\"@id\":\"https:\\\/\\\/str8forwardlab.com\\\/es\\\/#website\"},\"primaryImageOfPage\":{\"@id\":\"https:\\\/\\\/str8forwardlab.com\\\/es\\\/retenedores-transparente-termoformados\\\/#primaryimage\"},\"image\":{\"@id\":\"https:\\\/\\\/str8forwardlab.com\\\/es\\\/retenedores-transparente-termoformados\\\/#primaryimage\"},\"thumbnailUrl\":\"https:\\\/\\\/str8forwardlab.com\\\/es\\\/wp-content\\\/uploads\\\/2020\\\/06\\\/clear-retainer-1024x683-1.jpg\",\"datePublished\":\"2020-05-17T16:27:01+00:00\",\"dateModified\":\"2023-01-02T21:48:15+00:00\",\"description\":\"Retenedores Transparente Termoformados producidos localmente en OK City por Straight Forward Lab, con eficiencia y rapidez.\",\"breadcrumb\":{\"@id\":\"https:\\\/\\\/str8forwardlab.com\\\/es\\\/retenedores-transparente-termoformados\\\/#breadcrumb\"},\"inLanguage\":\"es\",\"potentialAction\":[{\"@type\":\"ReadAction\",\"target\":[\"https:\\\/\\\/str8forwardlab.com\\\/es\\\/retenedores-transparente-termoformados\\\/\"]}]},{\"@type\":\"ImageObject\",\"inLanguage\":\"es\",\"@id\":\"https:\\\/\\\/str8forwardlab.com\\\/es\\\/retenedores-transparente-termoformados\\\/#primaryimage\",\"url\":\"https:\\\/\\\/str8forwardlab.com\\\/es\\\/wp-content\\\/uploads\\\/2020\\\/06\\\/clear-retainer-1024x683-1.jpg\",\"contentUrl\":\"https:\\\/\\\/str8forwardlab.com\\\/es\\\/wp-content\\\/uploads\\\/2020\\\/06\\\/clear-retainer-1024x683-1.jpg\",\"width\":1024,\"height\":683,\"caption\":\"Retenedores Transparente Termoformados\"},{\"@type\":\"BreadcrumbList\",\"@id\":\"https:\\\/\\\/str8forwardlab.com\\\/es\\\/retenedores-transparente-termoformados\\\/#breadcrumb\",\"itemListElement\":[{\"@type\":\"ListItem\",\"position\":1,\"name\":\"Home\",\"item\":\"https:\\\/\\\/str8forwardlab.com\\\/es\\\/\"},{\"@type\":\"ListItem\",\"position\":2,\"name\":\"Retenedores Transparente Termoformados\"}]},{\"@type\":\"WebSite\",\"@id\":\"https:\\\/\\\/str8forwardlab.com\\\/es\\\/#website\",\"url\":\"https:\\\/\\\/str8forwardlab.com\\\/es\\\/\",\"name\":\"Straight Forward Lab - Impresi\u00f3n 3D para ortodoncistas\",\"description\":\"Impresi\u00f3n 3D para ortodoncistas\",\"potentialAction\":[{\"@type\":\"SearchAction\",\"target\":{\"@type\":\"EntryPoint\",\"urlTemplate\":\"https:\\\/\\\/str8forwardlab.com\\\/es\\\/?s={search_term_string}\"},\"query-input\":{\"@type\":\"PropertyValueSpecification\",\"valueRequired\":true,\"valueName\":\"search_term_string\"}}],\"inLanguage\":\"es\"}]}<\/script>\n<!-- \/ Yoast SEO plugin. -->","yoast_head_json":{"title":"Retenedores Transparente Termoformados producidos localmente en OKC","description":"Retenedores Transparente Termoformados producidos localmente en OK City por Straight Forward Lab, con eficiencia y rapidez.","robots":{"index":"index","follow":"follow","max-snippet":"max-snippet:-1","max-image-preview":"max-image-preview:large","max-video-preview":"max-video-preview:-1"},"canonical":"https:\/\/str8forwardlab.com\/es\/retenedores-transparente-termoformados\/","og_locale":"es_ES","og_type":"article","og_title":"Retenedores Transparente Termoformados producidos localmente en OKC","og_description":"Retenedores Transparente Termoformados producidos localmente en OK City por Straight Forward Lab, con eficiencia y rapidez.","og_url":"https:\/\/str8forwardlab.com\/es\/retenedores-transparente-termoformados\/","og_site_name":"Straight Forward Lab - Impresi\u00f3n 3D para ortodoncistas","article_modified_time":"2023-01-02T21:48:15+00:00","og_image":[{"width":1024,"height":683,"url":"https:\/\/str8forwardlab.com\/es\/wp-content\/uploads\/2020\/06\/clear-retainer-1024x683-1.jpg","type":"image\/jpeg"}],"twitter_card":"summary_large_image","twitter_misc":{"Tiempo de lectura":"3 minutos"},"schema":{"@context":"https:\/\/schema.org","@graph":[{"@type":"WebPage","@id":"https:\/\/str8forwardlab.com\/es\/retenedores-transparente-termoformados\/","url":"https:\/\/str8forwardlab.com\/es\/retenedores-transparente-termoformados\/","name":"Retenedores Transparente Termoformados producidos localmente en OKC","isPartOf":{"@id":"https:\/\/str8forwardlab.com\/es\/#website"},"primaryImageOfPage":{"@id":"https:\/\/str8forwardlab.com\/es\/retenedores-transparente-termoformados\/#primaryimage"},"image":{"@id":"https:\/\/str8forwardlab.com\/es\/retenedores-transparente-termoformados\/#primaryimage"},"thumbnailUrl":"https:\/\/str8forwardlab.com\/es\/wp-content\/uploads\/2020\/06\/clear-retainer-1024x683-1.jpg","datePublished":"2020-05-17T16:27:01+00:00","dateModified":"2023-01-02T21:48:15+00:00","description":"Retenedores Transparente Termoformados producidos localmente en OK City por Straight Forward Lab, con eficiencia y rapidez.","breadcrumb":{"@id":"https:\/\/str8forwardlab.com\/es\/retenedores-transparente-termoformados\/#breadcrumb"},"inLanguage":"es","potentialAction":[{"@type":"ReadAction","target":["https:\/\/str8forwardlab.com\/es\/retenedores-transparente-termoformados\/"]}]},{"@type":"ImageObject","inLanguage":"es","@id":"https:\/\/str8forwardlab.com\/es\/retenedores-transparente-termoformados\/#primaryimage","url":"https:\/\/str8forwardlab.com\/es\/wp-content\/uploads\/2020\/06\/clear-retainer-1024x683-1.jpg","contentUrl":"https:\/\/str8forwardlab.com\/es\/wp-content\/uploads\/2020\/06\/clear-retainer-1024x683-1.jpg","width":1024,"height":683,"caption":"Retenedores Transparente Termoformados"},{"@type":"BreadcrumbList","@id":"https:\/\/str8forwardlab.com\/es\/retenedores-transparente-termoformados\/#breadcrumb","itemListElement":[{"@type":"ListItem","position":1,"name":"Home","item":"https:\/\/str8forwardlab.com\/es\/"},{"@type":"ListItem","position":2,"name":"Retenedores Transparente Termoformados"}]},{"@type":"WebSite","@id":"https:\/\/str8forwardlab.com\/es\/#website","url":"https:\/\/str8forwardlab.com\/es\/","name":"Straight Forward Lab - Impresi\u00f3n 3D para ortodoncistas","description":"Impresi\u00f3n 3D para ortodoncistas","potentialAction":[{"@type":"SearchAction","target":{"@type":"EntryPoint","urlTemplate":"https:\/\/str8forwardlab.com\/es\/?s={search_term_string}"},"query-input":{"@type":"PropertyValueSpecification","valueRequired":true,"valueName":"search_term_string"}}],"inLanguage":"es"}]}},"_links":{"self":[{"href":"https:\/\/str8forwardlab.com\/es\/wp-json\/wp\/v2\/pages\/42","targetHints":{"allow":["GET"]}}],"collection":[{"href":"https:\/\/str8forwardlab.com\/es\/wp-json\/wp\/v2\/pages"}],"about":[{"href":"https:\/\/str8forwardlab.com\/es\/wp-json\/wp\/v2\/types\/page"}],"author":[{"embeddable":true,"href":"https:\/\/str8forwardlab.com\/es\/wp-json\/wp\/v2\/users\/1"}],"replies":[{"embeddable":true,"href":"https:\/\/str8forwardlab.com\/es\/wp-json\/wp\/v2\/comments?post=42"}],"version-history":[{"count":6,"href":"https:\/\/str8forwardlab.com\/es\/wp-json\/wp\/v2\/pages\/42\/revisions"}],"predecessor-version":[{"id":561,"href":"https:\/\/str8forwardlab.com\/es\/wp-json\/wp\/v2\/pages\/42\/revisions\/561"}],"wp:featuredmedia":[{"embeddable":true,"href":"https:\/\/str8forwardlab.com\/es\/wp-json\/wp\/v2\/media\/97"}],"wp:attachment":[{"href":"https:\/\/str8forwardlab.com\/es\/wp-json\/wp\/v2\/media?parent=42"}],"curies":[{"name":"wp","href":"https:\/\/api.w.org\/{rel}","templated":true}]}}